{"id":2813,"date":"2023-06-25T06:34:14","date_gmt":"2023-06-25T06:34:14","guid":{"rendered":"http:\/\/evebot-shop.com\/?post_type=product&#038;p=2813"},"modified":"2025-05-25T07:44:39","modified_gmt":"2025-05-25T07:44:39","slug":"evebot-handheld-printer-edible-ink-cartridge","status":"publish","type":"product","link":"https:\/\/evebot-shop.com\/pt\/product\/evebot-handheld-printer-edible-ink-cartridge\/","title":{"rendered":"Cartucho de tinta comest\u00edvel para impressora port\u00e1til Evebot"},"content":{"rendered":"<h3><strong>Tinta comest\u00edvel e segura para o ambiente<\/strong><\/h3>\n<p>A tinta normalmente utilizada nas impressoras \u00e9 a tinta HP.<br data-filtered=\"filtered\" \/>Para n\u00f3s, foi f\u00e1cil desenvolver usando isto, mas escolhemos \"eco\" porque est\u00e1vamos interessados em quest\u00f5es ambientais como o \"aquecimento global\".<br data-filtered=\"filtered\" \/>Edible ink is an environmentally friendly ink approved by the US and European FDA (Food and Drug Administration).<br data-filtered=\"filtered\" \/>Trata-se de um produto que pode ser consumido \u00e0 base de tinta comest\u00edvel e que pode ser tocado pelas crian\u00e7as.<br data-filtered=\"filtered\" \/>Remind: Except for standard inks and invisible inks.<\/p>\n<h3><strong>FAQ<\/strong><\/h3>\n<p>Q1. How do I care for and clean the ink cartridges?<\/p>\n<p>Para evitar que sejam impressas linhas brancas, recomenda-se que limpe os bicos dos tinteiros com uma toalha de papel antes de cada utiliza\u00e7\u00e3o (uma vez que os bicos dos nossos tinteiros t\u00eam 308 tubos, cada abertura tem apenas cerca de um ter\u00e7o do tamanho de um cabelo e os bicos est\u00e3o diretamente expostos no exterior, pelo que \u00e9 muito f\u00e1cil o p\u00f3 bloquear o bico e t\u00eam de ser limpos regularmente)<\/p>\n<p>Se n\u00e3o o utilizar durante um longo per\u00edodo de tempo (mais de 3 dias), \u00e9 necess\u00e1rio fechar a fivela do tinteiro e guard\u00e1-lo num local fresco. Ap\u00f3s cada utiliza\u00e7\u00e3o, fechar a tampa da m\u00e1quina.<\/p>\n<p>Q2. How long can one ink cartridge print?<br data-filtered=\"filtered\" \/><br data-filtered=\"filtered\" \/>Um tinteiro cont\u00e9m 20 ml de tinta e, para uma impress\u00e3o normal, o comprimento de impress\u00e3o \u00e9 de cerca de 200 metros e o n\u00famero de vezes \u00e9 de cerca de 3500 vezes. (Impress\u00e3o standard: \u00c9 impressa uma imagem com um tamanho de 26 * 100 mm, e a parte impressa ocupa 40%)<\/p>\n<p><img decoding=\"async\" src=\"https:\/\/cdn.shopify.com\/s\/files\/1\/0246\/6745\/5535\/files\/printpatternsize_600x600.png?v=1669955305\" alt=\"\" \/><br data-filtered=\"filtered\" \/><br data-filtered=\"filtered\" \/>Q3. What is the maximum printable width?<br data-filtered=\"filtered\" \/><br data-filtered=\"filtered\" \/>A largura m\u00e1xima que a caneta de impress\u00e3o EVEBOT pode imprimir \u00e9 de 26 mm, que \u00e9 a largura m\u00e1xima que pode ser impressa por uma impressora port\u00e1til at\u00e9 \u00e0 data.<br data-filtered=\"filtered\" \/><br data-filtered=\"filtered\" \/>Q4. Ink cartridge storage period<br data-filtered=\"filtered\" \/><br data-filtered=\"filtered\" \/>Os tinteiros n\u00e3o abertos t\u00eam uma dura\u00e7\u00e3o de um ano e os abertos t\u00eam uma dura\u00e7\u00e3o de meio ano. Quando utilizar a embalagem depois de a abrir, certifique-se de que fecha a manga de prote\u00e7\u00e3o para evitar que a tinta no bocal seque e fique entupida.<br data-filtered=\"filtered\" \/><br data-filtered=\"filtered\" \/>Q5. How long does the text or logo printed on the object last?<br data-filtered=\"filtered\" \/><br data-filtered=\"filtered\" \/>A tinta padr\u00e3o inclu\u00edda sai quando lavada com \u00e1gua. Se n\u00e3o for lavada, a impress\u00e3o em materiais como papel e madeira ser\u00e1 semi-permanente e a impress\u00e3o na pele durar\u00e1 cerca de um dia. (Se suar muito, a tinta pode desaparecer rapidamente).<br data-filtered=\"filtered\" \/><br data-filtered=\"filtered\" \/>* Permanent ink is still in the optimization stage and is not yet on the market.<br data-filtered=\"filtered\" \/><br data-filtered=\"filtered\" \/>Q6. \u00c9 f\u00e1cil substituir o tinteiro?<br data-filtered=\"filtered\" \/><br data-filtered=\"filtered\" \/>Os tinteiros s\u00e3o f\u00e1ceis de substituir e, para guardar os tinteiros, cada tinteiro tem uma manga de prote\u00e7\u00e3o, pelo que, quando se utiliza um novo tinteiro, basta fechar a manga de prote\u00e7\u00e3o do tinteiro anterior.<br data-filtered=\"filtered\" \/><br data-filtered=\"filtered\" \/>Q7. When you start it, do you want to turn it off automatically if you don&#8217;t use it?<br data-filtered=\"filtered\" \/><br data-filtered=\"filtered\" \/>Se n\u00e3o for efectuada qualquer opera\u00e7\u00e3o durante 30 minutos, a alimenta\u00e7\u00e3o ser\u00e1 desligada automaticamente.<br data-filtered=\"filtered\" \/><br data-filtered=\"filtered\" \/>Q8. Isn&#8217;t there a full color?<br data-filtered=\"filtered\" \/><br data-filtered=\"filtered\" \/>A vers\u00e3o a cores est\u00e1 atualmente em desenvolvimento.<\/p>\n<p>Q9. Does the ink have food safety certification?<\/p>\n<p>Our inks are FDA certified, so you can use them with confidence. Vegetarians and kosher are also safe to eat.<\/p>","protected":false},"excerpt":{"rendered":"<p>Environmentally safe and edible ink The ink commonly used in printers is HP ink.It was easy for us to develop using this, but we chose &#8220;eco&#8221; because we were interested in environmental issues such as &#8220;global warming&#8221;.Edible ink is an environmentally friendly ink approved by the US and European FDA (Food and Drug Administration).It is &hellip;<\/p>\n<p class=\"read-more\"> <a class=\"\" href=\"https:\/\/evebot-shop.com\/pt\/product\/evebot-handheld-printer-edible-ink-cartridge\/\"> <span class=\"screen-reader-text\">Cartucho de tinta comest\u00edvel para impressora port\u00e1til Evebot<\/span> Read More &raquo;<\/a><\/p>","protected":false},"featured_media":2823,"comment_status":"open","ping_status":"closed","template":"","meta":{"site-sidebar-layout":"default","site-content-layout":"default","ast-global-header-display":"","ast-banner-title-visibility":"","ast-main-header-display":"","ast-hfb-above-header-display":"","ast-hfb-below-header-display":"","ast-hfb-mobile-header-display":"","site-post-title":"","ast-breadcrumbs-content":"","ast-featured-img":"","footer-sml-layout":"","theme-transparent-header-meta":"default","adv-header-id-meta":"","stick-header-meta":"","header-above-stick-meta":"","header-main-stick-meta":"","header-below-stick-meta":""},"product_cat":[10],"product_tag":[25],"class_list":{"0":"post-2813","1":"product","2":"type-product","3":"status-publish","4":"has-post-thumbnail","6":"product_cat-cartridge","7":"product_tag-ink-cartridge-of-printpen-printpods","8":"desktop-align-center","9":"tablet-align-left","10":"mobile-align-left","11":"ast-product-gallery-layout-horizontal","12":"ast-product-single-variable","13":"ast-product-tabs-layout-horizontal","14":"ast-qv-on-image","16":"first","17":"instock","18":"sale","19":"shipping-taxable","20":"purchasable","21":"product-type-variable"},"_links":{"self":[{"href":"https:\/\/evebot-shop.com\/pt\/wp-json\/wp\/v2\/product\/2813","targetHints":{"allow":["GET"]}}],"collection":[{"href":"https:\/\/evebot-shop.com\/pt\/wp-json\/wp\/v2\/product"}],"about":[{"href":"https:\/\/evebot-shop.com\/pt\/wp-json\/wp\/v2\/types\/product"}],"replies":[{"embeddable":true,"href":"https:\/\/evebot-shop.com\/pt\/wp-json\/wp\/v2\/comments?post=2813"}],"version-history":[{"count":2,"href":"https:\/\/evebot-shop.com\/pt\/wp-json\/wp\/v2\/product\/2813\/revisions"}],"predecessor-version":[{"id":2830,"href":"https:\/\/evebot-shop.com\/pt\/wp-json\/wp\/v2\/product\/2813\/revisions\/2830"}],"wp:featuredmedia":[{"embeddable":true,"href":"https:\/\/evebot-shop.com\/pt\/wp-json\/wp\/v2\/media\/2823"}],"wp:attachment":[{"href":"https:\/\/evebot-shop.com\/pt\/wp-json\/wp\/v2\/media?parent=2813"}],"wp:term":[{"taxonomy":"product_cat","embeddable":true,"href":"https:\/\/evebot-shop.com\/pt\/wp-json\/wp\/v2\/product_cat?post=2813"},{"taxonomy":"product_tag","embeddable":true,"href":"https:\/\/evebot-shop.com\/pt\/wp-json\/wp\/v2\/product_tag?post=2813"}],"curies":[{"name":"wp","href":"https:\/\/api.w.org\/{rel}","templated":true}]}}