{"id":2280,"date":"2022-05-18T06:07:30","date_gmt":"2022-05-18T06:07:30","guid":{"rendered":"http:\/\/evebot-shop.com\/?post_type=product&#038;p=2280"},"modified":"2023-06-25T09:13:30","modified_gmt":"2023-06-25T09:13:30","slug":"coffee-printer-eb-ft4","status":"publish","type":"product","link":"https:\/\/evebot-shop.com\/pt\/product\/coffee-printer-eb-ft4\/","title":{"rendered":"Impressora de Caf\u00e9 EB-FT4"},"content":{"rendered":"<div class=\"ast-oembed-container\" style=\"height: 100%;\"><iframe title=\"Fantasia ,creat Fancy in your cup !\" width=\"500\" height=\"281\" src=\"https:\/\/www.youtube.com\/embed\/BwwKfQai2QA?feature=oembed\" frameborder=\"0\" allow=\"accelerometer; autoplay; clipboard-write; encrypted-media; gyroscope; picture-in-picture; web-share\" referrerpolicy=\"strict-origin-when-cross-origin\" allowfullscreen><\/iframe><\/div>\n<p style=\"text-align: center;\"><strong>Overview<\/strong><\/p>\n<p style=\"text-align: center;\"><strong>Quick Details<\/strong><\/p>\n<p>&nbsp;<\/p>\n<div class=\"sliderTable mt10 mb10 sliderTable-index0\">\n<div class=\"inner\">\n<table style=\"height: 483px;\" width=\"1059\" align=\"center\">\n<tbody>\n<tr class=\"firstRow\">\n<td valign=\"top\" width=\"140\">Print Dimension:<\/td>\n<td valign=\"top\" width=\"351\">4 &#8211; 10 cm<\/td>\n<td valign=\"top\" width=\"81\">Color &amp; Page:<\/td>\n<td valign=\"top\" width=\"310\">Single color(Brown\/Green\/Golden)<\/td>\n<\/tr>\n<tr>\n<td valign=\"top\" width=\"140\">Type:<\/td>\n<td valign=\"top\" width=\"351\">Inkjet Printer<\/td>\n<td valign=\"top\" width=\"81\">Applicable Industries:<\/td>\n<td valign=\"top\" width=\"310\">Hotels, Restaurant, Home Use, Retail, Food Shop, Printing Shops, Food &amp; Beverage Shops<\/td>\n<\/tr>\n<tr>\n<td valign=\"top\" width=\"140\">Condition:<\/td>\n<td valign=\"top\" width=\"351\">New<\/td>\n<td valign=\"top\" width=\"81\">Plate Type:<\/td>\n<td valign=\"top\" width=\"310\">Flatbed Printer<\/td>\n<\/tr>\n<tr>\n<td valign=\"top\" width=\"140\">Place of Origin:<\/td>\n<td valign=\"top\" width=\"351\">Guangdong, China<\/td>\n<td valign=\"top\" width=\"81\">Brand Name:<\/td>\n<td valign=\"top\" width=\"310\">EVEBOT<\/td>\n<\/tr>\n<tr>\n<td valign=\"top\" width=\"140\">Usage:<\/td>\n<td valign=\"top\" width=\"351\">impressora de caf\u00e9<\/td>\n<td valign=\"top\" width=\"81\">Automatic Grade:<\/td>\n<td valign=\"top\" width=\"310\">Automatic<\/td>\n<\/tr>\n<tr>\n<td valign=\"top\" width=\"140\">Voltage:<\/td>\n<td valign=\"top\" width=\"351\">220V<\/td>\n<td valign=\"top\" width=\"81\">Dimensions(L*W*H):<\/td>\n<td valign=\"top\" width=\"310\">27*34*41CM<\/td>\n<\/tr>\n<tr>\n<td valign=\"top\" width=\"140\">Resolution:<\/td>\n<td valign=\"top\" width=\"351\">200 DPI<\/td>\n<td valign=\"top\" width=\"81\">Certification:<\/td>\n<td valign=\"top\" width=\"310\">SGS, UL, FCC, CE, FDA, RoHs<\/td>\n<\/tr>\n<tr>\n<td valign=\"top\" width=\"140\">After-sales Service Provided:<\/td>\n<td valign=\"top\" width=\"351\">Online support, Video technical support<\/td>\n<td valign=\"top\" width=\"81\">Warranty:<\/td>\n<td valign=\"top\" width=\"310\">1 Year<\/td>\n<\/tr>\n<tr>\n<td valign=\"top\" width=\"140\">Ink Type:<\/td>\n<td valign=\"top\" width=\"351\">Edible Ink<\/td>\n<td valign=\"top\" width=\"81\">Running Power:<\/td>\n<td valign=\"top\" width=\"310\">15 W<\/td>\n<\/tr>\n<tr>\n<td valign=\"top\" width=\"140\">Machine Color:<\/td>\n<td valign=\"top\" width=\"351\">Black\/White<\/td>\n<td valign=\"top\" width=\"81\">Application:<\/td>\n<td valign=\"top\" width=\"310\">milk,tea,coffee,cakes,pastries<\/td>\n<\/tr>\n<tr>\n<td colspan=\"1\" rowspan=\"1\" valign=\"top\" width=\"140\">Gross weight:<\/td>\n<td colspan=\"1\" rowspan=\"1\" valign=\"top\" width=\"351\">14KG<\/td>\n<td colspan=\"1\" rowspan=\"1\" valign=\"top\" width=\"81\">Cup height:<\/td>\n<td colspan=\"1\" rowspan=\"1\" valign=\"top\" width=\"310\">5cm~18cm<\/td>\n<\/tr>\n<tr>\n<td colspan=\"1\" rowspan=\"1\" valign=\"top\" width=\"140\">Net weight:<\/td>\n<td colspan=\"1\" rowspan=\"1\" valign=\"top\" width=\"351\">12KG<\/td>\n<td colspan=\"1\" rowspan=\"1\" valign=\"top\" width=\"81\">Body material:<\/td>\n<td colspan=\"1\" rowspan=\"1\" valign=\"top\" width=\"310\">Metal<\/td>\n<\/tr>\n<tr>\n<td colspan=\"1\" rowspan=\"1\" valign=\"top\" width=\"140\"><\/td>\n<td colspan=\"1\" rowspan=\"1\" valign=\"top\" width=\"351\"><\/td>\n<td colspan=\"1\" rowspan=\"1\" valign=\"top\" width=\"81\"><\/td>\n<td colspan=\"1\" rowspan=\"1\" valign=\"top\" width=\"310\"><\/td>\n<\/tr>\n<\/tbody>\n<\/table>\n<p style=\"text-align: center;\">Packaging &amp; Delivery<\/p>\n<p style=\"text-align: center;\">Selling Units:Single item<\/p>\n<p style=\"text-align: center;\">Single package size:56X42X38cm<\/p>\n<p style=\"text-align: center;\">Single gross weight:14 kg<\/p>\n<p style=\"text-align: center;\">Package Type:Carton Packing<\/p>\n<p style=\"text-align: center;\">\u00a0Lead Time :<\/p>\n<div class=\"sliderTable mt10 mb10 sliderTable-index1\">\n<div class=\"inner\" style=\"text-align: center;\">\n<table align=\"center\">\n<tbody>\n<tr class=\"firstRow\">\n<td class=\"selectTdClass\" valign=\"top\" width=\"158\">Quantity(Pieces)<\/td>\n<td class=\"selectTdClass\" valign=\"top\" width=\"158\">1-10<\/td>\n<td class=\"selectTdClass\" valign=\"top\" width=\"158\">11-50<\/td>\n<td class=\"selectTdClass\" valign=\"top\" width=\"158\">51-100<\/td>\n<td class=\"selectTdClass\" valign=\"top\" width=\"158\">&gt;100<\/td>\n<\/tr>\n<tr>\n<td class=\"selectTdClass\" valign=\"top\" width=\"158\">Est.Time(days)<\/td>\n<td class=\"selectTdClass\" valign=\"top\" width=\"158\">7<\/td>\n<td class=\"selectTdClass\" valign=\"top\" width=\"158\">10<\/td>\n<td class=\"selectTdClass\" valign=\"top\" width=\"158\">15<\/td>\n<td class=\"selectTdClass\" valign=\"top\" width=\"158\">To be negotiated<\/td>\n<\/tr>\n<\/tbody>\n<\/table>\n<figure id=\"attachment_2282\" aria-describedby=\"caption-attachment-2282\" style=\"width: 750px\" class=\"wp-caption aligncenter\"><img fetchpriority=\"high\" decoding=\"async\" class=\"wp-image-2282 size-full\" src=\"http:\/\/evebot-shop.com\/wp-content\/uploads\/2022\/05\/Coffee-printer1.webp\" alt=\"coffee printer\" width=\"750\" height=\"2517\" srcset=\"https:\/\/evebot-shop.com\/wp-content\/uploads\/2022\/05\/Coffee-printer1.webp 750w, https:\/\/evebot-shop.com\/wp-content\/uploads\/2022\/05\/Coffee-printer1-89x300.webp 89w, https:\/\/evebot-shop.com\/wp-content\/uploads\/2022\/05\/Coffee-printer1-305x1024.webp 305w, https:\/\/evebot-shop.com\/wp-content\/uploads\/2022\/05\/Coffee-printer1-458x1536.webp 458w, https:\/\/evebot-shop.com\/wp-content\/uploads\/2022\/05\/Coffee-printer1-610x2048.webp 610w, https:\/\/evebot-shop.com\/wp-content\/uploads\/2022\/05\/Coffee-printer1-4x12.webp 4w, https:\/\/evebot-shop.com\/wp-content\/uploads\/2022\/05\/Coffee-printer1-600x2014.webp 600w\" sizes=\"(max-width: 750px) 100vw, 750px\" \/><figcaption id=\"caption-attachment-2282\" class=\"wp-caption-text\">impressora de caf\u00e9<\/figcaption><\/figure>\n<p><img decoding=\"async\" class=\"wp-image-2284\" src=\"http:\/\/evebot-shop.com\/wp-content\/uploads\/2022\/05\/Coffee-printer2-scaled.webp\" alt=\"\" width=\"750\" height=\"3048\" srcset=\"https:\/\/evebot-shop.com\/wp-content\/uploads\/2022\/05\/Coffee-printer2-scaled.webp 630w, https:\/\/evebot-shop.com\/wp-content\/uploads\/2022\/05\/Coffee-printer2-74x300.webp 74w, https:\/\/evebot-shop.com\/wp-content\/uploads\/2022\/05\/Coffee-printer2-252x1024.webp 252w, https:\/\/evebot-shop.com\/wp-content\/uploads\/2022\/05\/Coffee-printer2-378x1536.webp 378w, https:\/\/evebot-shop.com\/wp-content\/uploads\/2022\/05\/Coffee-printer2-504x2048.webp 504w, https:\/\/evebot-shop.com\/wp-content\/uploads\/2022\/05\/Coffee-printer2-3x12.webp 3w, https:\/\/evebot-shop.com\/wp-content\/uploads\/2022\/05\/Coffee-printer2-600x2439.webp 600w\" sizes=\"(max-width: 750px) 100vw, 750px\" \/><\/p>\n<p><img decoding=\"async\" class=\"alignnone wp-image-2292\" src=\"http:\/\/evebot-shop.com\/wp-content\/uploads\/2022\/05\/Coffee-printer3-scaled.webp\" alt=\"\" width=\"750\" height=\"2779\" srcset=\"https:\/\/evebot-shop.com\/wp-content\/uploads\/2022\/05\/Coffee-printer3-scaled.webp 691w, https:\/\/evebot-shop.com\/wp-content\/uploads\/2022\/05\/Coffee-printer3-81x300.webp 81w, https:\/\/evebot-shop.com\/wp-content\/uploads\/2022\/05\/Coffee-printer3-276x1024.webp 276w, https:\/\/evebot-shop.com\/wp-content\/uploads\/2022\/05\/Coffee-printer3-553x2048.webp 553w, https:\/\/evebot-shop.com\/wp-content\/uploads\/2022\/05\/Coffee-printer3-3x12.webp 3w, https:\/\/evebot-shop.com\/wp-content\/uploads\/2022\/05\/Coffee-printer3-600x2222.webp 600w\" sizes=\"(max-width: 750px) 100vw, 750px\" \/><\/p>\n<\/div>\n<\/div>\n<\/div>\n<\/div>","protected":false},"excerpt":{"rendered":"<p>Selfie coffee printer machine Selfie Latte machine China supplier cake cookie bread macaroon beer foam drink art inkjet printer, take the photo by camera which you can connect EB-FT4 by USB cable on machine back, or scan QR code or upload you images by URL on the screen, select the light and size, then select &#8220;print&#8221;, after about 10s to 30s, your image be printed on your food or drink surface, even for your lover!<\/p>\n<p>A impressora de caf\u00e9 selfie EVEBOT possui 12 idiomas: chin\u00eas simplificado, chin\u00eas tradicional, ingl\u00eas, japon\u00eas, italiano, vietnamita, alem\u00e3o, tailand\u00eas, tcheco, russo, franc\u00eas e coreano.<\/p>\n<p>Coffee printer EB-FT4 is classic one, the resolution is 200DPI, print color: Coffee\/gold\/matcha. The ink cartridge EB-FB1 can print 800 cups more.<\/p>","protected":false},"featured_media":2481,"comment_status":"closed","ping_status":"closed","template":"","meta":{"site-sidebar-layout":"default","site-content-layout":"default","ast-global-header-display":"","ast-banner-title-visibility":"","ast-main-header-display":"","ast-hfb-above-header-display":"","ast-hfb-below-header-display":"","ast-hfb-mobile-header-display":"","site-post-title":"","ast-breadcrumbs-content":"","ast-featured-img":"","footer-sml-layout":"","theme-transparent-header-meta":"default","adv-header-id-meta":"","stick-header-meta":"","header-above-stick-meta":"","header-main-stick-meta":"","header-below-stick-meta":""},"product_cat":[15],"product_tag":[19],"class_list":{"0":"post-2280","1":"product","2":"type-product","3":"status-publish","4":"has-post-thumbnail","6":"product_cat-coffee-printer","7":"product_tag-coffee-printer-eb-ft4","8":"desktop-align-center","9":"tablet-align-left","10":"mobile-align-left","11":"ast-product-gallery-layout-horizontal","12":"ast-product-single-variable","13":"ast-product-tabs-layout-horizontal","14":"ast-qv-on-image","16":"first","17":"instock","18":"sale","19":"shipping-taxable","20":"purchasable","21":"product-type-variable"},"_links":{"self":[{"href":"https:\/\/evebot-shop.com\/pt\/wp-json\/wp\/v2\/product\/2280","targetHints":{"allow":["GET"]}}],"collection":[{"href":"https:\/\/evebot-shop.com\/pt\/wp-json\/wp\/v2\/product"}],"about":[{"href":"https:\/\/evebot-shop.com\/pt\/wp-json\/wp\/v2\/types\/product"}],"replies":[{"embeddable":true,"href":"https:\/\/evebot-shop.com\/pt\/wp-json\/wp\/v2\/comments?post=2280"}],"version-history":[{"count":5,"href":"https:\/\/evebot-shop.com\/pt\/wp-json\/wp\/v2\/product\/2280\/revisions"}],"predecessor-version":[{"id":2794,"href":"https:\/\/evebot-shop.com\/pt\/wp-json\/wp\/v2\/product\/2280\/revisions\/2794"}],"wp:featuredmedia":[{"embeddable":true,"href":"https:\/\/evebot-shop.com\/pt\/wp-json\/wp\/v2\/media\/2481"}],"wp:attachment":[{"href":"https:\/\/evebot-shop.com\/pt\/wp-json\/wp\/v2\/media?parent=2280"}],"wp:term":[{"taxonomy":"product_cat","embeddable":true,"href":"https:\/\/evebot-shop.com\/pt\/wp-json\/wp\/v2\/product_cat?post=2280"},{"taxonomy":"product_tag","embeddable":true,"href":"https:\/\/evebot-shop.com\/pt\/wp-json\/wp\/v2\/product_tag?post=2280"}],"curies":[{"name":"wp","href":"https:\/\/api.w.org\/{rel}","templated":true}]}}