{"id":2249,"date":"2022-05-18T02:35:08","date_gmt":"2022-05-18T02:35:08","guid":{"rendered":"http:\/\/evebot-shop.com\/?post_type=product&#038;p=2249"},"modified":"2023-06-25T09:09:31","modified_gmt":"2023-06-25T09:09:31","slug":"cartridge","status":"publish","type":"product","link":"https:\/\/evebot-shop.com\/pt\/product\/cartridge\/","title":{"rendered":"Cartucho de tinta de Printpen e Printpods"},"content":{"rendered":"<div class=\"ast-oembed-container\" style=\"height: 100%;\"><iframe title=\"a espantosa tinta invis\u00edvel\" width=\"500\" height=\"281\" src=\"https:\/\/www.youtube.com\/embed\/56XOkpjlxx0?feature=oembed\" frameborder=\"0\" allow=\"accelerometer; autoplay; clipboard-write; encrypted-media; gyroscope; picture-in-picture; web-share\" referrerpolicy=\"strict-origin-when-cross-origin\" allowfullscreen><\/iframe><\/div>\n<h3 style=\"text-align: left;\"><strong>Precau\u00e7\u00f5es a ter com a utiliza\u00e7\u00e3o de tintas n\u00e3o agressivas para a pele<\/strong><\/h3>\n<p style=\"text-align: left;\">Tinta sem conservantes, sol\u00favel em \u00e1gua e n\u00e3o irritante que pode ser utilizada na pele.<br \/>\nPode ser utilizado em vez de autocolantes de tatuagens, como log\u00f3tipos de equipas para assistir a desportos, bem como em eventos e festas.<br \/>\nN\u00e3o h\u00e1 d\u00favida de que criar\u00e1 um sentimento de unidade e de entusiasmo.<br \/>\nAo imprimir na pele (skin), prestar muita aten\u00e7\u00e3o se existem anomalias na pele (skin). Se este n\u00e3o estiver de acordo com a sua pele, interrompa imediatamente a utiliza\u00e7\u00e3o.<br \/>\nSe a tinta n\u00e3o for adequada para a sua pele (pele), ou seja, nos seguintes casos, interrompa a utiliza\u00e7\u00e3o.<br \/>\nSe continuar a utiliz\u00e1-lo tal como est\u00e1, os sintomas podem agravar-se, pelo que se recomenda a consulta de um dermatologista.<br \/>\n\u30fb Se sentir alguma anomalia, como vermelhid\u00e3o, incha\u00e7o, comich\u00e3o, irrita\u00e7\u00e3o, perda de cor (manchas brancas, etc.) e escurecimento da pele durante a utiliza\u00e7\u00e3o.<br \/>\n\u30fb Quando a pele (pele) utilizada \u00e9 exposta \u00e0 luz solar direta e aparecem as anomalias acima mencionadas.<\/p>\n<h3 style=\"text-align: left;\"><strong>Tinta comest\u00edvel e segura para o ambiente<\/strong><\/h3>\n<p style=\"text-align: left;\">A tinta normalmente utilizada nas impressoras \u00e9 a tinta HP.<br \/>\nPara n\u00f3s, foi f\u00e1cil desenvolver usando isto, mas escolhemos \"eco\" porque est\u00e1vamos interessados em quest\u00f5es ambientais como o \"aquecimento global\".<br \/>\nA tinta actualizada amiga da pele \u00e9 uma tinta ecol\u00f3gica aprovada pela FDA (Food and Drug Administration) nos Estados Unidos e na Europa.<br \/>\nTrata-se de um produto que pode ser consumido \u00e0 base de tinta comest\u00edvel e que pode ser tocado pelas crian\u00e7as.<br \/>\nlembrar: Com exce\u00e7\u00e3o das tintas normais e das tintas invis\u00edveis.<\/p>\n<h3 style=\"text-align: left;\"><strong>FAQ<\/strong><\/h3>\n<p style=\"text-align: left;\">Q1. Durante quanto tempo pode um tinteiro imprimir?<\/p>\n<p>Um tinteiro cont\u00e9m 20 ml de tinta e, para uma impress\u00e3o normal, o comprimento de impress\u00e3o \u00e9 de cerca de 200 metros e o n\u00famero de vezes \u00e9 de cerca de 3500 vezes. (Impress\u00e3o standard: \u00c9 impressa uma imagem com um tamanho de 26 * 100 mm, e a parte impressa ocupa 40%)<\/p>\n<p>Q2. Qual \u00e9 a largura m\u00e1xima que pode ser impressa?<\/p>\n<p>A largura m\u00e1xima que a caneta de impress\u00e3o EVEBOT pode imprimir \u00e9 de 26 mm, que \u00e9 a largura m\u00e1xima que pode ser impressa por uma impressora port\u00e1til at\u00e9 \u00e0 data.<\/p>\n<p>Q3. Per\u00edodo de armazenamento do cartucho de tinta<\/p>\n<p>Os tinteiros n\u00e3o abertos t\u00eam uma dura\u00e7\u00e3o de um ano e os abertos t\u00eam uma dura\u00e7\u00e3o de meio ano. Quando utilizar a embalagem depois de a abrir, certifique-se de que fecha a manga de prote\u00e7\u00e3o para evitar que a tinta no bocal seque e fique entupida.<\/p>\n<p>Q4. Quanto tempo dura o texto ou o log\u00f3tipo impresso no objeto?<\/p>\n<p>A tinta padr\u00e3o inclu\u00edda sai quando lavada com \u00e1gua. Se n\u00e3o for lavada, a impress\u00e3o em materiais como papel e madeira ser\u00e1 semi-permanente e a impress\u00e3o na pele durar\u00e1 cerca de um dia. (Se suar muito, a tinta pode desaparecer rapidamente).<\/p>\n<p>* Se procura uma tinta duradoura, compre uma tinta duradoura.<\/p>\n<p>Q5. Indique-me o sistema operativo suportado.<\/p>\n<p>Compat\u00edvel com os sistemas IOS e Android.<\/p>\n<p>Q6. \u00c9 f\u00e1cil substituir o tinteiro?<\/p>\n<p>Os tinteiros s\u00e3o f\u00e1ceis de substituir e, para guardar os tinteiros, cada tinteiro tem uma manga de prote\u00e7\u00e3o, pelo que, quando se utiliza um novo tinteiro, basta fechar a manga de prote\u00e7\u00e3o do tinteiro anterior.<\/p>\n<p>Q7. Quanto \u00e9 que a bateria gasta ap\u00f3s um ano de utiliza\u00e7\u00e3o?<\/p>\n<p>A bateria ser\u00e1 consumida por cerca de 7% a 10% em condi\u00e7\u00f5es normais de utiliza\u00e7\u00e3o durante um ano.<\/p>\n<p>Q8. Quando o inicia, pretende que se desligue automaticamente se n\u00e3o o utilizar?<\/p>\n<p>Se n\u00e3o for efectuada qualquer opera\u00e7\u00e3o durante 30 minutos, a alimenta\u00e7\u00e3o ser\u00e1 desligada automaticamente.<\/p>\n<p>Q9. Onde \u00e9 que a posso comprar depois de a tinta ter sido usada?<\/p>\n<p>Ap\u00f3s a conclus\u00e3o do financiamento coletivo, venderemos o produto no nosso s\u00edtio Web oficial e nos principais s\u00edtios de compras em linha.<\/p>\n<p>Q10. N\u00e3o existe uma cor completa?<\/p>\n<p>A vers\u00e3o a cores est\u00e1 atualmente em desenvolvimento.<\/p>\n<p style=\"text-align: left;\">Q11. Como posso cuidar e limpar os tinteiros?<\/p>\n<p style=\"text-align: left;\">Para evitar que sejam impressas linhas brancas, recomenda-se que limpe os bicos dos tinteiros com uma toalha de papel antes de cada utiliza\u00e7\u00e3o (uma vez que os bicos dos nossos tinteiros t\u00eam 308 tubos, cada abertura tem apenas cerca de um ter\u00e7o do tamanho de um cabelo e os bicos est\u00e3o diretamente expostos no exterior, pelo que \u00e9 muito f\u00e1cil o p\u00f3 bloquear o bico e t\u00eam de ser limpos regularmente)<\/p>\n<p style=\"text-align: left;\">Se n\u00e3o o utilizar durante um longo per\u00edodo de tempo (mais de 3 dias), \u00e9 necess\u00e1rio fechar a fivela do tinteiro e guard\u00e1-lo num local fresco. Ap\u00f3s cada utiliza\u00e7\u00e3o, fechar a tampa da m\u00e1quina.<\/p>","protected":false},"excerpt":{"rendered":"<div class=\"detial-cont-info\">\n<ul class=\"proddetail-style-slider-info-list fix\">\n<li>O EVEBOT tem oito tintas: tinta amiga da pele (vermelha, azul-marinho, preta e amarela, adequada para imprimir tatuagens), preta normal, tinta azul invis\u00edvel (pode ser vista por luz fluorescente), cor de caf\u00e9 de qualidade alimentar (pode ser impressa em p\u00e3o, bolo, bolacha, caf\u00e9 e urso por r\u00e9gua), estas tintas s\u00e3o \u00e0 base de \u00e1gua, podem ser limpas com \u00e1gua; Tinta permanente: cor preta, a tinta permanente pode ser impressa em vidro, madeira, pedra, metal, pl\u00e1stico, n\u00e3o pode ser limpa com \u00e1gua, apenas limpa com \u00e1lcool.<\/li>\n<li class=\"prod-specifics-brand\"><label>Marca:<\/label>\u00a0<em>EVEBOT<\/em><\/li>\n<\/ul>\n<\/div>","protected":false},"featured_media":2804,"comment_status":"closed","ping_status":"closed","template":"","meta":{"site-sidebar-layout":"default","site-content-layout":"default","ast-global-header-display":"","ast-banner-title-visibility":"","ast-main-header-display":"","ast-hfb-above-header-display":"","ast-hfb-below-header-display":"","ast-hfb-mobile-header-display":"","site-post-title":"","ast-breadcrumbs-content":"","ast-featured-img":"","footer-sml-layout":"","theme-transparent-header-meta":"default","adv-header-id-meta":"","stick-header-meta":"","header-above-stick-meta":"","header-main-stick-meta":"","header-below-stick-meta":""},"product_cat":[10],"product_tag":[25],"class_list":{"0":"post-2249","1":"product","2":"type-product","3":"status-publish","4":"has-post-thumbnail","6":"product_cat-cartridge","7":"product_tag-ink-cartridge-of-printpen-printpods","8":"desktop-align-center","9":"tablet-align-left","10":"mobile-align-left","11":"ast-product-gallery-layout-horizontal","12":"ast-product-single-variable","13":"ast-product-tabs-layout-horizontal","14":"ast-qv-on-image","16":"first","17":"instock","18":"sale","19":"shipping-taxable","20":"purchasable","21":"product-type-variable"},"_links":{"self":[{"href":"https:\/\/evebot-shop.com\/pt\/wp-json\/wp\/v2\/product\/2249","targetHints":{"allow":["GET"]}}],"collection":[{"href":"https:\/\/evebot-shop.com\/pt\/wp-json\/wp\/v2\/product"}],"about":[{"href":"https:\/\/evebot-shop.com\/pt\/wp-json\/wp\/v2\/types\/product"}],"replies":[{"embeddable":true,"href":"https:\/\/evebot-shop.com\/pt\/wp-json\/wp\/v2\/comments?post=2249"}],"version-history":[{"count":6,"href":"https:\/\/evebot-shop.com\/pt\/wp-json\/wp\/v2\/product\/2249\/revisions"}],"predecessor-version":[{"id":2806,"href":"https:\/\/evebot-shop.com\/pt\/wp-json\/wp\/v2\/product\/2249\/revisions\/2806"}],"wp:featuredmedia":[{"embeddable":true,"href":"https:\/\/evebot-shop.com\/pt\/wp-json\/wp\/v2\/media\/2804"}],"wp:attachment":[{"href":"https:\/\/evebot-shop.com\/pt\/wp-json\/wp\/v2\/media?parent=2249"}],"wp:term":[{"taxonomy":"product_cat","embeddable":true,"href":"https:\/\/evebot-shop.com\/pt\/wp-json\/wp\/v2\/product_cat?post=2249"},{"taxonomy":"product_tag","embeddable":true,"href":"https:\/\/evebot-shop.com\/pt\/wp-json\/wp\/v2\/product_tag?post=2249"}],"curies":[{"name":"wp","href":"https:\/\/api.w.org\/{rel}","templated":true}]}}