{"id":2280,"date":"2022-05-18T06:07:30","date_gmt":"2022-05-18T06:07:30","guid":{"rendered":"http:\/\/evebot-shop.com\/?post_type=product&#038;p=2280"},"modified":"2023-06-25T09:13:30","modified_gmt":"2023-06-25T09:13:30","slug":"coffee-printer-eb-ft4","status":"publish","type":"product","link":"https:\/\/evebot-shop.com\/it\/product\/coffee-printer-eb-ft4\/","title":{"rendered":"Stampante per caff\u00e8 EB-FT4"},"content":{"rendered":"<div class=\"ast-oembed-container\" style=\"height: 100%;\"><iframe title=\"Fantasia, crea fantasia nella tua tazza!\" width=\"500\" height=\"281\" src=\"https:\/\/www.youtube.com\/embed\/BwwKfQai2QA?feature=oembed\" frameborder=\"0\" allow=\"accelerometer; autoplay; clipboard-write; encrypted-media; gyroscope; picture-in-picture; web-share\" referrerpolicy=\"strict-origin-when-cross-origin\" allowfullscreen><\/iframe><\/div>\n<p style=\"text-align: center;\"><strong>Panoramica<\/strong><\/p>\n<p style=\"text-align: center;\"><strong>Info Veloci<\/strong><\/p>\n<p>&nbsp;<\/p>\n<div class=\"sliderTable mt10 mb10 sliderTable-index0\">\n<div class=\"inner\">\n<table style=\"height: 483px;\" width=\"1059\" align=\"center\">\n<tbody>\n<tr class=\"firstRow\">\n<td valign=\"top\" width=\"140\">Dimensione stampa:<\/td>\n<td valign=\"top\" width=\"351\">4-10 cm<\/td>\n<td valign=\"top\" width=\"81\">Colore e pagina:<\/td>\n<td valign=\"top\" width=\"310\">Singolo colore (Marrone\/Verde\/Oro)<\/td>\n<\/tr>\n<tr>\n<td valign=\"top\" width=\"140\">Tipo:<\/td>\n<td valign=\"top\" width=\"351\">Stampante a getto d&#039;inchiostro<\/td>\n<td valign=\"top\" width=\"81\">Industrie applicabili:<\/td>\n<td valign=\"top\" width=\"310\">Alberghi, ristoranti, uso domestico, vendita al dettaglio, negozio di alimentari, tipografie, negozi di alimenti e bevande<\/td>\n<\/tr>\n<tr>\n<td valign=\"top\" width=\"140\">Condizione:<\/td>\n<td valign=\"top\" width=\"351\">Nuovo<\/td>\n<td valign=\"top\" width=\"81\">Tipo di piatto:<\/td>\n<td valign=\"top\" width=\"310\">Stampante piana<\/td>\n<\/tr>\n<tr>\n<td valign=\"top\" width=\"140\">Luogo d&#039;origine:<\/td>\n<td valign=\"top\" width=\"351\">Guangdong, Cina<\/td>\n<td valign=\"top\" width=\"81\">Marchio:<\/td>\n<td valign=\"top\" width=\"310\">EVEBOT<\/td>\n<\/tr>\n<tr>\n<td valign=\"top\" width=\"140\">Utilizzo:<\/td>\n<td valign=\"top\" width=\"351\">Stampante per caff\u00e8<\/td>\n<td valign=\"top\" width=\"81\">Grado automatico:<\/td>\n<td valign=\"top\" width=\"310\">Automatico<\/td>\n<\/tr>\n<tr>\n<td valign=\"top\" width=\"140\">voltaggio:<\/td>\n<td valign=\"top\" width=\"351\">220V<\/td>\n<td valign=\"top\" width=\"81\">Dimensioni (L * W * H):<\/td>\n<td valign=\"top\" width=\"310\">27*34*41 CENTIMETRI<\/td>\n<\/tr>\n<tr>\n<td valign=\"top\" width=\"140\">Risoluzione:<\/td>\n<td valign=\"top\" width=\"351\">200 DPI<\/td>\n<td valign=\"top\" width=\"81\">Certificazione:<\/td>\n<td valign=\"top\" width=\"310\">SGS, UL, FCC, CE, FDA, RoHS<\/td>\n<\/tr>\n<tr>\n<td valign=\"top\" width=\"140\">Servizio post-vendita fornito:<\/td>\n<td valign=\"top\" width=\"351\">Supporto online, supporto tecnico video<\/td>\n<td valign=\"top\" width=\"81\">Garanzia:<\/td>\n<td valign=\"top\" width=\"310\">1 anno<\/td>\n<\/tr>\n<tr>\n<td valign=\"top\" width=\"140\">Tipo di inchiostro:<\/td>\n<td valign=\"top\" width=\"351\">Inchiostro commestibile<\/td>\n<td valign=\"top\" width=\"81\">Potenza corrente:<\/td>\n<td valign=\"top\" width=\"310\">15 W<\/td>\n<\/tr>\n<tr>\n<td valign=\"top\" width=\"140\">Colore della macchina:<\/td>\n<td valign=\"top\" width=\"351\">Nero bianco<\/td>\n<td valign=\"top\" width=\"81\">Applicazione:<\/td>\n<td valign=\"top\" width=\"310\">latte, t\u00e8, caff\u00e8, torte, pasticcini<\/td>\n<\/tr>\n<tr>\n<td colspan=\"1\" rowspan=\"1\" valign=\"top\" width=\"140\">Peso lordo:<\/td>\n<td colspan=\"1\" rowspan=\"1\" valign=\"top\" width=\"351\">14 kg<\/td>\n<td colspan=\"1\" rowspan=\"1\" valign=\"top\" width=\"81\">Altezza della tazza:<\/td>\n<td colspan=\"1\" rowspan=\"1\" valign=\"top\" width=\"310\">5 cm ~ 18 cm<\/td>\n<\/tr>\n<tr>\n<td colspan=\"1\" rowspan=\"1\" valign=\"top\" width=\"140\">Peso netto:<\/td>\n<td colspan=\"1\" rowspan=\"1\" valign=\"top\" width=\"351\">12 kg<\/td>\n<td colspan=\"1\" rowspan=\"1\" valign=\"top\" width=\"81\">Materiale corporeo:<\/td>\n<td colspan=\"1\" rowspan=\"1\" valign=\"top\" width=\"310\">Metallo<\/td>\n<\/tr>\n<tr>\n<td colspan=\"1\" rowspan=\"1\" valign=\"top\" width=\"140\"><\/td>\n<td colspan=\"1\" rowspan=\"1\" valign=\"top\" width=\"351\"><\/td>\n<td colspan=\"1\" rowspan=\"1\" valign=\"top\" width=\"81\"><\/td>\n<td colspan=\"1\" rowspan=\"1\" valign=\"top\" width=\"310\"><\/td>\n<\/tr>\n<\/tbody>\n<\/table>\n<p style=\"text-align: center;\">Imballaggio e consegna<\/p>\n<p style=\"text-align: center;\">Unit\u00e0 di vendita: articolo singolo<\/p>\n<p style=\"text-align: center;\">Dimensioni confezione singola: 56X42X38 cm<\/p>\n<p style=\"text-align: center;\">Peso lordo singolo: 14 kg<\/p>\n<p style=\"text-align: center;\">Tipo di confezione: imballaggio in cartone<\/p>\n<p style=\"text-align: center;\">\u00a0Tempi di consegna :<\/p>\n<div class=\"sliderTable mt10 mb10 sliderTable-index1\">\n<div class=\"inner\" style=\"text-align: center;\">\n<table align=\"center\">\n<tbody>\n<tr class=\"firstRow\">\n<td class=\"selectTdClass\" valign=\"top\" width=\"158\">Quantit\u00e0 (pezzi)<\/td>\n<td class=\"selectTdClass\" valign=\"top\" width=\"158\">1-10<\/td>\n<td class=\"selectTdClass\" valign=\"top\" width=\"158\">11-50<\/td>\n<td class=\"selectTdClass\" valign=\"top\" width=\"158\">51-100<\/td>\n<td class=\"selectTdClass\" valign=\"top\" width=\"158\">&gt;100<\/td>\n<\/tr>\n<tr>\n<td class=\"selectTdClass\" valign=\"top\" width=\"158\">Tempo stimato (giorni)<\/td>\n<td class=\"selectTdClass\" valign=\"top\" width=\"158\">7<\/td>\n<td class=\"selectTdClass\" valign=\"top\" width=\"158\">10<\/td>\n<td class=\"selectTdClass\" valign=\"top\" width=\"158\">15<\/td>\n<td class=\"selectTdClass\" valign=\"top\" width=\"158\">Da negoziare<\/td>\n<\/tr>\n<\/tbody>\n<\/table>\n<figure id=\"attachment_2282\" aria-describedby=\"caption-attachment-2282\" style=\"width: 750px\" class=\"wp-caption aligncenter\"><img fetchpriority=\"high\" decoding=\"async\" class=\"wp-image-2282 size-full\" src=\"http:\/\/evebot-shop.com\/wp-content\/uploads\/2022\/05\/Coffee-printer1.webp\" alt=\"coffee printer\" width=\"750\" height=\"2517\" srcset=\"https:\/\/evebot-shop.com\/wp-content\/uploads\/2022\/05\/Coffee-printer1.webp 750w, https:\/\/evebot-shop.com\/wp-content\/uploads\/2022\/05\/Coffee-printer1-89x300.webp 89w, https:\/\/evebot-shop.com\/wp-content\/uploads\/2022\/05\/Coffee-printer1-305x1024.webp 305w, https:\/\/evebot-shop.com\/wp-content\/uploads\/2022\/05\/Coffee-printer1-458x1536.webp 458w, https:\/\/evebot-shop.com\/wp-content\/uploads\/2022\/05\/Coffee-printer1-610x2048.webp 610w, https:\/\/evebot-shop.com\/wp-content\/uploads\/2022\/05\/Coffee-printer1-4x12.webp 4w, https:\/\/evebot-shop.com\/wp-content\/uploads\/2022\/05\/Coffee-printer1-600x2014.webp 600w\" sizes=\"(max-width: 750px) 100vw, 750px\" \/><figcaption id=\"caption-attachment-2282\" class=\"wp-caption-text\">stampante per caff\u00e8<\/figcaption><\/figure>\n<p><img decoding=\"async\" class=\"wp-image-2284\" src=\"http:\/\/evebot-shop.com\/wp-content\/uploads\/2022\/05\/Coffee-printer2-scaled.webp\" alt=\"\" width=\"750\" height=\"3048\" srcset=\"https:\/\/evebot-shop.com\/wp-content\/uploads\/2022\/05\/Coffee-printer2-scaled.webp 630w, https:\/\/evebot-shop.com\/wp-content\/uploads\/2022\/05\/Coffee-printer2-74x300.webp 74w, https:\/\/evebot-shop.com\/wp-content\/uploads\/2022\/05\/Coffee-printer2-252x1024.webp 252w, https:\/\/evebot-shop.com\/wp-content\/uploads\/2022\/05\/Coffee-printer2-378x1536.webp 378w, https:\/\/evebot-shop.com\/wp-content\/uploads\/2022\/05\/Coffee-printer2-504x2048.webp 504w, https:\/\/evebot-shop.com\/wp-content\/uploads\/2022\/05\/Coffee-printer2-3x12.webp 3w, https:\/\/evebot-shop.com\/wp-content\/uploads\/2022\/05\/Coffee-printer2-600x2439.webp 600w\" sizes=\"(max-width: 750px) 100vw, 750px\" \/><\/p>\n<p><img decoding=\"async\" class=\"alignnone wp-image-2292\" src=\"http:\/\/evebot-shop.com\/wp-content\/uploads\/2022\/05\/Coffee-printer3-scaled.webp\" alt=\"\" width=\"750\" height=\"2779\" srcset=\"https:\/\/evebot-shop.com\/wp-content\/uploads\/2022\/05\/Coffee-printer3-scaled.webp 691w, https:\/\/evebot-shop.com\/wp-content\/uploads\/2022\/05\/Coffee-printer3-81x300.webp 81w, https:\/\/evebot-shop.com\/wp-content\/uploads\/2022\/05\/Coffee-printer3-276x1024.webp 276w, https:\/\/evebot-shop.com\/wp-content\/uploads\/2022\/05\/Coffee-printer3-553x2048.webp 553w, https:\/\/evebot-shop.com\/wp-content\/uploads\/2022\/05\/Coffee-printer3-3x12.webp 3w, https:\/\/evebot-shop.com\/wp-content\/uploads\/2022\/05\/Coffee-printer3-600x2222.webp 600w\" sizes=\"(max-width: 750px) 100vw, 750px\" \/><\/p>\n<\/div>\n<\/div>\n<\/div>\n<\/div>","protected":false},"excerpt":{"rendered":"<p>Macchina per stampante per caff\u00e8 selfie Macchina per selfie Latte Fornitore cinese torta biscotto pane amaretto schiuma di birra bevanda artistica stampante a getto d&#039;inchiostro, scatta la foto con la fotocamera che puoi collegare EB-FT4 tramite cavo USB sul retro della macchina, oppure scansiona il codice QR o carica le tue immagini tramite URL su sullo schermo, seleziona la luce e le dimensioni, quindi seleziona &quot;stampa&quot;, dopo circa 10-30 secondi, la tua immagine verr\u00e0 stampata sulla superficie del cibo o della bevanda, anche per il tuo amante!<\/p>\n<p>La stampante per caff\u00e8 selfie EVEBOT ha 12 lingue: cinese semplificato, cinese tradizionale, inglese, giapponese, italiano, vietnamita, tedesco, tailandese, ceco, russo, francese e coreano.<\/p>\n<p>La stampante per caff\u00e8 EB-FT4 \u00e8 classica, la risoluzione \u00e8 200 DPI, colore di stampa: caff\u00e8\/oro\/matcha. La cartuccia d&#039;inchiostro EB-FB1 pu\u00f2 stampare 800 tazze in pi\u00f9.<\/p>","protected":false},"featured_media":2481,"comment_status":"closed","ping_status":"closed","template":"","meta":{"site-sidebar-layout":"default","site-content-layout":"default","ast-global-header-display":"","ast-banner-title-visibility":"","ast-main-header-display":"","ast-hfb-above-header-display":"","ast-hfb-below-header-display":"","ast-hfb-mobile-header-display":"","site-post-title":"","ast-breadcrumbs-content":"","ast-featured-img":"","footer-sml-layout":"","theme-transparent-header-meta":"default","adv-header-id-meta":"","stick-header-meta":"","header-above-stick-meta":"","header-main-stick-meta":"","header-below-stick-meta":""},"product_cat":[15],"product_tag":[19],"class_list":{"0":"post-2280","1":"product","2":"type-product","3":"status-publish","4":"has-post-thumbnail","6":"product_cat-coffee-printer","7":"product_tag-coffee-printer-eb-ft4","8":"desktop-align-center","9":"tablet-align-left","10":"mobile-align-left","11":"ast-product-gallery-layout-horizontal","12":"ast-product-single-variable","13":"ast-product-tabs-layout-horizontal","14":"ast-qv-on-image","16":"first","17":"instock","18":"sale","19":"shipping-taxable","20":"purchasable","21":"product-type-variable"},"_links":{"self":[{"href":"https:\/\/evebot-shop.com\/it\/wp-json\/wp\/v2\/product\/2280","targetHints":{"allow":["GET"]}}],"collection":[{"href":"https:\/\/evebot-shop.com\/it\/wp-json\/wp\/v2\/product"}],"about":[{"href":"https:\/\/evebot-shop.com\/it\/wp-json\/wp\/v2\/types\/product"}],"replies":[{"embeddable":true,"href":"https:\/\/evebot-shop.com\/it\/wp-json\/wp\/v2\/comments?post=2280"}],"version-history":[{"count":5,"href":"https:\/\/evebot-shop.com\/it\/wp-json\/wp\/v2\/product\/2280\/revisions"}],"predecessor-version":[{"id":2794,"href":"https:\/\/evebot-shop.com\/it\/wp-json\/wp\/v2\/product\/2280\/revisions\/2794"}],"wp:featuredmedia":[{"embeddable":true,"href":"https:\/\/evebot-shop.com\/it\/wp-json\/wp\/v2\/media\/2481"}],"wp:attachment":[{"href":"https:\/\/evebot-shop.com\/it\/wp-json\/wp\/v2\/media?parent=2280"}],"wp:term":[{"taxonomy":"product_cat","embeddable":true,"href":"https:\/\/evebot-shop.com\/it\/wp-json\/wp\/v2\/product_cat?post=2280"},{"taxonomy":"product_tag","embeddable":true,"href":"https:\/\/evebot-shop.com\/it\/wp-json\/wp\/v2\/product_tag?post=2280"}],"curies":[{"name":"wp","href":"https:\/\/api.w.org\/{rel}","templated":true}]}}