{"id":2876,"date":"2023-06-25T07:23:46","date_gmt":"2023-06-25T07:23:46","guid":{"rendered":"http:\/\/evebot-shop.com\/?post_type=product&#038;p=2876"},"modified":"2025-04-12T11:05:37","modified_gmt":"2025-04-12T11:05:37","slug":"coffee-printer-usb-selfie-camerasoftware-service","status":"publish","type":"product","link":"https:\/\/evebot-shop.com\/fr\/product\/coffee-printer-usb-selfie-camerasoftware-service\/","title":{"rendered":"Imprimante \u00e0 caf\u00e9 Cam\u00e9ra Selfie USB (service logiciel)"},"content":{"rendered":"<p><img decoding=\"async\" class=\"aligncenter\" src=\"https:\/\/cdn.shopify.com\/s\/files\/1\/0246\/6745\/5535\/files\/1_2887e488-eeeb-49c9-af1a-a77aa1b51a1c_600x600.webp?v=1684396882\" \/><\/p>","protected":false},"excerpt":{"rendered":"<ul>\n<li class=\"sc-bBHHxi fhourC pf-204_\" style=\"text-align: left;\" tabindex=\"0\" spellcheck=\"false\" data-pf-type=\"Paragraph3\"><strong>Conservez les meilleurs moments.<\/strong><\/li>\n<\/ul>\n<ul class=\"sc-eWfVMQ bsvuZZ pf-206_\" data-pf-type=\"List2\">\n<li class=\"sc-kTLmzF cNvxtt pf-207_\" style=\"text-align: left;\" tabindex=\"0\" spellcheck=\"false\" data-pf-type=\"List2.Item2\">Il suffit de cliquer sur le bouton de l'obturateur \u00e0 l'\u00e9cran pour que la photo apparaisse dans la galerie de l'appareil.<\/li>\n<li class=\"sc-kTLmzF cNvxtt pf-209_\" style=\"text-align: left;\" tabindex=\"0\" spellcheck=\"false\" data-pf-type=\"List2.Item2\">Am\u00e9liorer l'efficacit\u00e9 de l'utilisation des machines et r\u00e9duire le temps d'attente des clients.<\/li>\n<li class=\"sc-kTLmzF cNvxtt pf-211_\" style=\"text-align: left;\" tabindex=\"0\" spellcheck=\"false\" data-pf-type=\"List2.Item2\">Plus de moyens de transf\u00e9rer des photos, vous pouvez utiliser l'appareil photo sans vous connecter \u00e0 Internet.<\/li>\n<li class=\"sc-kTLmzF cNvxtt pf-213_\" style=\"text-align: left;\" tabindex=\"0\" spellcheck=\"false\" data-pf-type=\"List2.Item2\">Remarque : pour utiliser la cam\u00e9ra selfie, vous devez ouvrir la fonction de service de la cam\u00e9ra de l'appareil, veuillez acheter la cam\u00e9ra exclusive d'Evebot.<\/li>\n<li class=\"sc-kTLmzF cNvxtt pf-213_\" style=\"text-align: left;\" tabindex=\"0\" spellcheck=\"false\" data-pf-type=\"List2.Item2\">Remarque : si vous avez achet\u00e9 la cam\u00e9ra exclusive d'Evebot, veuillez nous contacter pour activer la fonction de service de la cam\u00e9ra.<\/li>\n<\/ul>","protected":false},"featured_media":2877,"comment_status":"open","ping_status":"closed","template":"","meta":{"site-sidebar-layout":"default","site-content-layout":"default","ast-global-header-display":"","ast-banner-title-visibility":"","ast-main-header-display":"","ast-hfb-above-header-display":"","ast-hfb-below-header-display":"","ast-hfb-mobile-header-display":"","site-post-title":"","ast-breadcrumbs-content":"","ast-featured-img":"","footer-sml-layout":"","theme-transparent-header-meta":"default","adv-header-id-meta":"","stick-header-meta":"","header-above-stick-meta":"","header-main-stick-meta":"","header-below-stick-meta":""},"product_cat":[42],"product_tag":[43],"class_list":{"0":"post-2876","1":"product","2":"type-product","3":"status-publish","4":"has-post-thumbnail","6":"product_cat-accessories","7":"product_tag-accessories","8":"desktop-align-center","9":"tablet-align-left","10":"mobile-align-left","11":"ast-product-gallery-layout-horizontal","12":"ast-product-tabs-layout-horizontal","13":"ast-qv-on-image","15":"first","16":"instock","17":"sale","18":"shipping-taxable","19":"purchasable","20":"product-type-simple"},"_links":{"self":[{"href":"https:\/\/evebot-shop.com\/fr\/wp-json\/wp\/v2\/product\/2876","targetHints":{"allow":["GET"]}}],"collection":[{"href":"https:\/\/evebot-shop.com\/fr\/wp-json\/wp\/v2\/product"}],"about":[{"href":"https:\/\/evebot-shop.com\/fr\/wp-json\/wp\/v2\/types\/product"}],"replies":[{"embeddable":true,"href":"https:\/\/evebot-shop.com\/fr\/wp-json\/wp\/v2\/comments?post=2876"}],"version-history":[{"count":1,"href":"https:\/\/evebot-shop.com\/fr\/wp-json\/wp\/v2\/product\/2876\/revisions"}],"predecessor-version":[{"id":2879,"href":"https:\/\/evebot-shop.com\/fr\/wp-json\/wp\/v2\/product\/2876\/revisions\/2879"}],"wp:featuredmedia":[{"embeddable":true,"href":"https:\/\/evebot-shop.com\/fr\/wp-json\/wp\/v2\/media\/2877"}],"wp:attachment":[{"href":"https:\/\/evebot-shop.com\/fr\/wp-json\/wp\/v2\/media?parent=2876"}],"wp:term":[{"taxonomy":"product_cat","embeddable":true,"href":"https:\/\/evebot-shop.com\/fr\/wp-json\/wp\/v2\/product_cat?post=2876"},{"taxonomy":"product_tag","embeddable":true,"href":"https:\/\/evebot-shop.com\/fr\/wp-json\/wp\/v2\/product_tag?post=2876"}],"curies":[{"name":"wp","href":"https:\/\/api.w.org\/{rel}","templated":true}]}}