{"id":2855,"date":"2023-06-25T07:02:39","date_gmt":"2023-06-25T07:02:39","guid":{"rendered":"http:\/\/evebot-shop.com\/?post_type=product&#038;p=2855"},"modified":"2025-05-25T05:17:26","modified_gmt":"2025-05-25T05:17:26","slug":"coffee-printer-eb-pro-cartridge","status":"publish","type":"product","link":"https:\/\/evebot-shop.com\/fr\/product\/coffee-printer-eb-pro-cartridge\/","title":{"rendered":"Cartouche d&#039;imprimante \u00e0 caf\u00e9 EB-Pro"},"content":{"rendered":"<p><img fetchpriority=\"high\" decoding=\"async\" class=\"size-full wp-image-2834 aligncenter\" src=\"http:\/\/evebot-shop.com\/wp-content\/uploads\/2023\/06\/20230625_144153_015.jpg\" alt=\"\" width=\"790\" height=\"1870\" srcset=\"https:\/\/evebot-shop.com\/wp-content\/uploads\/2023\/06\/20230625_144153_015.jpg 790w, https:\/\/evebot-shop.com\/wp-content\/uploads\/2023\/06\/20230625_144153_015-127x300.jpg 127w, https:\/\/evebot-shop.com\/wp-content\/uploads\/2023\/06\/20230625_144153_015-433x1024.jpg 433w, https:\/\/evebot-shop.com\/wp-content\/uploads\/2023\/06\/20230625_144153_015-768x1818.jpg 768w, https:\/\/evebot-shop.com\/wp-content\/uploads\/2023\/06\/20230625_144153_015-649x1536.jpg 649w, https:\/\/evebot-shop.com\/wp-content\/uploads\/2023\/06\/20230625_144153_015-5x12.jpg 5w, https:\/\/evebot-shop.com\/wp-content\/uploads\/2023\/06\/20230625_144153_015-600x1420.jpg 600w\" sizes=\"(max-width: 790px) 100vw, 790px\" \/><\/p>","protected":false},"excerpt":{"rendered":"<ul>\n<li>Les consommables certifi\u00e9s de qualit\u00e9 alimentaire, s\u00fbrs et respectueux de l'environnement, peuvent \u00eatre imprim\u00e9s en toute confiance sur n'importe quelle surface alimentaire.<\/li>\n<li>Aller \u00e0 la page <strong><a title=\"Imprimante evebot pour le caf\u00e9 et le latte art\" href=\"http:\/\/evebot-shop.com\/fr\/categorie-produit\/coffee-printer\/\">imprimante \u00e0 caf\u00e9 <\/a><\/strong>pour acheter une machine.<\/li>\n<li>Dur\u00e9e de conservation : la cartouche d'encre peut \u00eatre stock\u00e9e pendant 12 mois sans activation, veuillez l'utiliser dans les 6 mois suivant l'activation.<\/li>\n<\/ul>","protected":false},"featured_media":2861,"comment_status":"open","ping_status":"closed","template":"","meta":{"site-sidebar-layout":"default","site-content-layout":"default","ast-global-header-display":"","ast-banner-title-visibility":"","ast-main-header-display":"","ast-hfb-above-header-display":"","ast-hfb-below-header-display":"","ast-hfb-mobile-header-display":"","site-post-title":"","ast-breadcrumbs-content":"","ast-featured-img":"","footer-sml-layout":"","theme-transparent-header-meta":"default","adv-header-id-meta":"","stick-header-meta":"","header-above-stick-meta":"","header-main-stick-meta":"","header-below-stick-meta":""},"product_cat":[10],"product_tag":[25],"class_list":{"0":"post-2855","1":"product","2":"type-product","3":"status-publish","4":"has-post-thumbnail","6":"product_cat-cartridge","7":"product_tag-ink-cartridge-of-printpen-printpods","8":"desktop-align-center","9":"tablet-align-left","10":"mobile-align-left","11":"ast-product-gallery-layout-horizontal","12":"ast-product-single-variable","13":"ast-product-tabs-layout-horizontal","14":"ast-qv-on-image","16":"first","17":"instock","18":"sale","19":"shipping-taxable","20":"purchasable","21":"product-type-variable"},"_links":{"self":[{"href":"https:\/\/evebot-shop.com\/fr\/wp-json\/wp\/v2\/product\/2855","targetHints":{"allow":["GET"]}}],"collection":[{"href":"https:\/\/evebot-shop.com\/fr\/wp-json\/wp\/v2\/product"}],"about":[{"href":"https:\/\/evebot-shop.com\/fr\/wp-json\/wp\/v2\/types\/product"}],"replies":[{"embeddable":true,"href":"https:\/\/evebot-shop.com\/fr\/wp-json\/wp\/v2\/comments?post=2855"}],"version-history":[{"count":1,"href":"https:\/\/evebot-shop.com\/fr\/wp-json\/wp\/v2\/product\/2855\/revisions"}],"predecessor-version":[{"id":2862,"href":"https:\/\/evebot-shop.com\/fr\/wp-json\/wp\/v2\/product\/2855\/revisions\/2862"}],"wp:featuredmedia":[{"embeddable":true,"href":"https:\/\/evebot-shop.com\/fr\/wp-json\/wp\/v2\/media\/2861"}],"wp:attachment":[{"href":"https:\/\/evebot-shop.com\/fr\/wp-json\/wp\/v2\/media?parent=2855"}],"wp:term":[{"taxonomy":"product_cat","embeddable":true,"href":"https:\/\/evebot-shop.com\/fr\/wp-json\/wp\/v2\/product_cat?post=2855"},{"taxonomy":"product_tag","embeddable":true,"href":"https:\/\/evebot-shop.com\/fr\/wp-json\/wp\/v2\/product_tag?post=2855"}],"curies":[{"name":"wp","href":"https:\/\/api.w.org\/{rel}","templated":true}]}}