{"id":2290,"date":"2022-05-18T06:23:02","date_gmt":"2022-05-18T06:23:02","guid":{"rendered":"http:\/\/evebot-shop.com\/?post_type=product&#038;p=2290"},"modified":"2025-10-06T14:07:29","modified_gmt":"2025-10-06T14:07:29","slug":"coffee-printer-eb-fc1","status":"publish","type":"product","link":"https:\/\/evebot-shop.com\/fr\/product\/coffee-printer-eb-fc1\/","title":{"rendered":"Imprimante \u00e0 caf\u00e9 EB-FM1"},"content":{"rendered":"<div class=\"ast-oembed-container\" style=\"height: 100%;\"><iframe title=\"Fantasia, cr\u00e9ez Fantaisie dans votre tasse !\" width=\"500\" height=\"281\" src=\"https:\/\/www.youtube.com\/embed\/BwwKfQai2QA?feature=oembed\" frameborder=\"0\" allow=\"accelerometer; autoplay; clipboard-write; encrypted-media; gyroscope; picture-in-picture; web-share\" referrerpolicy=\"strict-origin-when-cross-origin\" allowfullscreen><\/iframe><\/div>\n<div class=\"sliderTable mt10 mb10 sliderTable-index0\">\n<div class=\"inner\">\n<p style=\"text-align: center;\"><img fetchpriority=\"high\" decoding=\"async\" class=\"alignnone size-full wp-image-2769\" src=\"http:\/\/evebot-shop.com\/wp-content\/uploads\/2022\/05\/20230624_193058_001.jpg\" alt=\"\" width=\"750\" height=\"758\" srcset=\"https:\/\/evebot-shop.com\/wp-content\/uploads\/2022\/05\/20230624_193058_001.jpg 750w, https:\/\/evebot-shop.com\/wp-content\/uploads\/2022\/05\/20230624_193058_001-297x300.jpg 297w, https:\/\/evebot-shop.com\/wp-content\/uploads\/2022\/05\/20230624_193058_001-12x12.jpg 12w, https:\/\/evebot-shop.com\/wp-content\/uploads\/2022\/05\/20230624_193058_001-600x606.jpg 600w, https:\/\/evebot-shop.com\/wp-content\/uploads\/2022\/05\/20230624_193058_001-100x100.jpg 100w\" sizes=\"(max-width: 750px) 100vw, 750px\" \/> <img decoding=\"async\" class=\"alignnone size-full wp-image-2770\" src=\"http:\/\/evebot-shop.com\/wp-content\/uploads\/2022\/05\/20230624_193058_002.jpg\" alt=\"\" width=\"750\" height=\"839\" srcset=\"https:\/\/evebot-shop.com\/wp-content\/uploads\/2022\/05\/20230624_193058_002.jpg 750w, https:\/\/evebot-shop.com\/wp-content\/uploads\/2022\/05\/20230624_193058_002-268x300.jpg 268w, https:\/\/evebot-shop.com\/wp-content\/uploads\/2022\/05\/20230624_193058_002-11x12.jpg 11w, https:\/\/evebot-shop.com\/wp-content\/uploads\/2022\/05\/20230624_193058_002-600x671.jpg 600w\" sizes=\"(max-width: 750px) 100vw, 750px\" \/> <img decoding=\"async\" class=\"alignnone size-full wp-image-2771\" src=\"http:\/\/evebot-shop.com\/wp-content\/uploads\/2022\/05\/20230624_193058_003.jpg\" alt=\"\" width=\"960\" height=\"1107\" srcset=\"https:\/\/evebot-shop.com\/wp-content\/uploads\/2022\/05\/20230624_193058_003.jpg 960w, https:\/\/evebot-shop.com\/wp-content\/uploads\/2022\/05\/20230624_193058_003-260x300.jpg 260w, https:\/\/evebot-shop.com\/wp-content\/uploads\/2022\/05\/20230624_193058_003-888x1024.jpg 888w, https:\/\/evebot-shop.com\/wp-content\/uploads\/2022\/05\/20230624_193058_003-768x886.jpg 768w, https:\/\/evebot-shop.com\/wp-content\/uploads\/2022\/05\/20230624_193058_003-10x12.jpg 10w, https:\/\/evebot-shop.com\/wp-content\/uploads\/2022\/05\/20230624_193058_003-600x692.jpg 600w\" sizes=\"(max-width: 960px) 100vw, 960px\" \/> <img loading=\"lazy\" decoding=\"async\" class=\"alignnone size-full wp-image-2772\" src=\"http:\/\/evebot-shop.com\/wp-content\/uploads\/2022\/05\/20230624_193058_004.jpg\" alt=\"\" width=\"750\" height=\"699\" srcset=\"https:\/\/evebot-shop.com\/wp-content\/uploads\/2022\/05\/20230624_193058_004.jpg 750w, https:\/\/evebot-shop.com\/wp-content\/uploads\/2022\/05\/20230624_193058_004-300x280.jpg 300w, https:\/\/evebot-shop.com\/wp-content\/uploads\/2022\/05\/20230624_193058_004-13x12.jpg 13w, https:\/\/evebot-shop.com\/wp-content\/uploads\/2022\/05\/20230624_193058_004-600x559.jpg 600w\" sizes=\"(max-width: 750px) 100vw, 750px\" \/> <img loading=\"lazy\" decoding=\"async\" class=\"alignnone size-full wp-image-2773\" src=\"http:\/\/evebot-shop.com\/wp-content\/uploads\/2022\/05\/20230624_193058_005.jpg\" alt=\"\" width=\"750\" height=\"1043\" srcset=\"https:\/\/evebot-shop.com\/wp-content\/uploads\/2022\/05\/20230624_193058_005.jpg 750w, https:\/\/evebot-shop.com\/wp-content\/uploads\/2022\/05\/20230624_193058_005-216x300.jpg 216w, https:\/\/evebot-shop.com\/wp-content\/uploads\/2022\/05\/20230624_193058_005-736x1024.jpg 736w, https:\/\/evebot-shop.com\/wp-content\/uploads\/2022\/05\/20230624_193058_005-9x12.jpg 9w, https:\/\/evebot-shop.com\/wp-content\/uploads\/2022\/05\/20230624_193058_005-600x834.jpg 600w\" sizes=\"(max-width: 750px) 100vw, 750px\" \/> <img loading=\"lazy\" decoding=\"async\" class=\"alignnone size-full wp-image-2774\" src=\"http:\/\/evebot-shop.com\/wp-content\/uploads\/2022\/05\/20230624_193058_006.jpg\" alt=\"\" width=\"750\" height=\"1126\" srcset=\"https:\/\/evebot-shop.com\/wp-content\/uploads\/2022\/05\/20230624_193058_006.jpg 750w, https:\/\/evebot-shop.com\/wp-content\/uploads\/2022\/05\/20230624_193058_006-200x300.jpg 200w, https:\/\/evebot-shop.com\/wp-content\/uploads\/2022\/05\/20230624_193058_006-682x1024.jpg 682w, https:\/\/evebot-shop.com\/wp-content\/uploads\/2022\/05\/20230624_193058_006-8x12.jpg 8w, https:\/\/evebot-shop.com\/wp-content\/uploads\/2022\/05\/20230624_193058_006-600x901.jpg 600w\" sizes=\"(max-width: 750px) 100vw, 750px\" \/> <img loading=\"lazy\" decoding=\"async\" class=\"alignnone size-full wp-image-2775\" src=\"http:\/\/evebot-shop.com\/wp-content\/uploads\/2022\/05\/20230624_193058_007.jpg\" alt=\"\" width=\"960\" height=\"984\" srcset=\"https:\/\/evebot-shop.com\/wp-content\/uploads\/2022\/05\/20230624_193058_007.jpg 960w, https:\/\/evebot-shop.com\/wp-content\/uploads\/2022\/05\/20230624_193058_007-293x300.jpg 293w, https:\/\/evebot-shop.com\/wp-content\/uploads\/2022\/05\/20230624_193058_007-768x787.jpg 768w, https:\/\/evebot-shop.com\/wp-content\/uploads\/2022\/05\/20230624_193058_007-12x12.jpg 12w, https:\/\/evebot-shop.com\/wp-content\/uploads\/2022\/05\/20230624_193058_007-600x615.jpg 600w\" sizes=\"(max-width: 960px) 100vw, 960px\" \/> <img loading=\"lazy\" decoding=\"async\" class=\"alignnone size-full wp-image-2776\" src=\"http:\/\/evebot-shop.com\/wp-content\/uploads\/2022\/05\/20230624_193058_008.jpg\" alt=\"\" width=\"960\" height=\"890\" srcset=\"https:\/\/evebot-shop.com\/wp-content\/uploads\/2022\/05\/20230624_193058_008.jpg 960w, https:\/\/evebot-shop.com\/wp-content\/uploads\/2022\/05\/20230624_193058_008-300x278.jpg 300w, https:\/\/evebot-shop.com\/wp-content\/uploads\/2022\/05\/20230624_193058_008-768x712.jpg 768w, https:\/\/evebot-shop.com\/wp-content\/uploads\/2022\/05\/20230624_193058_008-13x12.jpg 13w, https:\/\/evebot-shop.com\/wp-content\/uploads\/2022\/05\/20230624_193058_008-600x556.jpg 600w\" sizes=\"(max-width: 960px) 100vw, 960px\" \/><\/p>\n<\/div>\n<\/div>","protected":false},"excerpt":{"rendered":"<p>Taille : 33cm x19cm x 44cm<br \/>\nParam\u00e8tres \u00e9lectriques : AC 100V ~240V 50\/60Hz<br \/>\nParam\u00e8tres r\u00e9seau : WiFi 802.11b\/g\/n<br \/>\nHauteur de la tasse : 5 cm ~ 23 cm<br \/>\nDiam\u00e8tre de la tasse : 4 cm ~ 10 cm<br \/>\nPoids net : 9kg<br \/>\nPuissance de fonctionnement : 15W<\/p>\n<p>Mini imprimante \u00e0 caf\u00e9 Selfie machine \u00e0 Latte Selfie fournisseur chinois g\u00e2teau biscuit pain macaron bi\u00e8re mousse boisson art imprimante \u00e0 jet d&#039;encre, prendre la photo par appareil photo que vous pouvez connecter EB-FM1 par c\u00e2ble USB \u00e0 l&#039;arri\u00e8re de la machine, ou scanner le code QR ou t\u00e9l\u00e9charger vos images par URL sur l&#039;\u00e9cran, s\u00e9lectionnez la lumi\u00e8re et la taille, puis s\u00e9lectionnez \u00ab imprimer \u00bb, apr\u00e8s environ 10 \u00e0 30 secondes, votre image sera imprim\u00e9e sur la surface de votre nourriture ou de votre boisson, m\u00eame pour votre amoureux !<\/p>\n<p>L&#039;imprimante \u00e0 caf\u00e9 selfie EVEBOT dispose de 12 langues : chinois simplifi\u00e9, chinois traditionnel, anglais, japonais, italien, vietnamien, allemand, tha\u00ef, tch\u00e8que, russe, fran\u00e7ais et cor\u00e9en.<\/p>\n<p>L&#039;imprimante \u00e0 caf\u00e9 EB-FM1 est la plus petite et la moins ch\u00e8re, mais la plus haute, donc EB-FM1 peut imprimer sur des tasses plus hautes, la r\u00e9solution est de 200 DPI, couleur d&#039;impression : Caf\u00e9\/or\/matcha. La cartouche d&#039;encre EB-FB1 peut imprimer 800 tasses de plus.<\/p>","protected":false},"featured_media":2488,"comment_status":"closed","ping_status":"closed","template":"","meta":{"site-sidebar-layout":"default","site-content-layout":"default","ast-global-header-display":"","ast-banner-title-visibility":"","ast-main-header-display":"","ast-hfb-above-header-display":"","ast-hfb-below-header-display":"","ast-hfb-mobile-header-display":"","site-post-title":"","ast-breadcrumbs-content":"","ast-featured-img":"","footer-sml-layout":"","theme-transparent-header-meta":"default","adv-header-id-meta":"","stick-header-meta":"","header-above-stick-meta":"","header-main-stick-meta":"","header-below-stick-meta":""},"product_cat":[15],"product_tag":[21],"class_list":{"0":"post-2290","1":"product","2":"type-product","3":"status-publish","4":"has-post-thumbnail","6":"product_cat-coffee-printer","7":"product_tag-coffee-printer-eb-fm1","8":"desktop-align-center","9":"tablet-align-left","10":"mobile-align-left","11":"ast-product-gallery-layout-horizontal","12":"ast-product-single-variable","13":"ast-product-tabs-layout-horizontal","14":"ast-qv-on-image","16":"first","17":"outofstock","18":"sale","19":"shipping-taxable","20":"purchasable","21":"product-type-variable"},"_links":{"self":[{"href":"https:\/\/evebot-shop.com\/fr\/wp-json\/wp\/v2\/product\/2290","targetHints":{"allow":["GET"]}}],"collection":[{"href":"https:\/\/evebot-shop.com\/fr\/wp-json\/wp\/v2\/product"}],"about":[{"href":"https:\/\/evebot-shop.com\/fr\/wp-json\/wp\/v2\/types\/product"}],"replies":[{"embeddable":true,"href":"https:\/\/evebot-shop.com\/fr\/wp-json\/wp\/v2\/comments?post=2290"}],"version-history":[{"count":9,"href":"https:\/\/evebot-shop.com\/fr\/wp-json\/wp\/v2\/product\/2290\/revisions"}],"predecessor-version":[{"id":2768,"href":"https:\/\/evebot-shop.com\/fr\/wp-json\/wp\/v2\/product\/2290\/revisions\/2768"}],"wp:featuredmedia":[{"embeddable":true,"href":"https:\/\/evebot-shop.com\/fr\/wp-json\/wp\/v2\/media\/2488"}],"wp:attachment":[{"href":"https:\/\/evebot-shop.com\/fr\/wp-json\/wp\/v2\/media?parent=2290"}],"wp:term":[{"taxonomy":"product_cat","embeddable":true,"href":"https:\/\/evebot-shop.com\/fr\/wp-json\/wp\/v2\/product_cat?post=2290"},{"taxonomy":"product_tag","embeddable":true,"href":"https:\/\/evebot-shop.com\/fr\/wp-json\/wp\/v2\/product_tag?post=2290"}],"curies":[{"name":"wp","href":"https:\/\/api.w.org\/{rel}","templated":true}]}}