{"id":2280,"date":"2022-05-18T06:07:30","date_gmt":"2022-05-18T06:07:30","guid":{"rendered":"http:\/\/evebot-shop.com\/?post_type=product&#038;p=2280"},"modified":"2023-06-25T09:13:30","modified_gmt":"2023-06-25T09:13:30","slug":"coffee-printer-eb-ft4","status":"publish","type":"product","link":"https:\/\/evebot-shop.com\/fr\/product\/coffee-printer-eb-ft4\/","title":{"rendered":"Imprimante \u00e0 caf\u00e9 EB-FT4"},"content":{"rendered":"<div class=\"ast-oembed-container\" style=\"height: 100%;\"><iframe title=\"Fantasia, cr\u00e9ez Fantaisie dans votre tasse !\" width=\"500\" height=\"281\" src=\"https:\/\/www.youtube.com\/embed\/BwwKfQai2QA?feature=oembed\" frameborder=\"0\" allow=\"accelerometer; autoplay; clipboard-write; encrypted-media; gyroscope; picture-in-picture; web-share\" referrerpolicy=\"strict-origin-when-cross-origin\" allowfullscreen><\/iframe><\/div>\n<p style=\"text-align: center;\"><strong>Aper\u00e7u<\/strong><\/p>\n<p style=\"text-align: center;\"><strong>D\u00e9tails rapides<\/strong><\/p>\n<p>&nbsp;<\/p>\n<div class=\"sliderTable mt10 mb10 sliderTable-index0\">\n<div class=\"inner\">\n<table style=\"height: 483px;\" width=\"1059\" align=\"center\">\n<tbody>\n<tr class=\"firstRow\">\n<td valign=\"top\" width=\"140\">Dimensions d&#039;impression\u00a0:<\/td>\n<td valign=\"top\" width=\"351\">4 \u00e0 10 cm<\/td>\n<td valign=\"top\" width=\"81\">Couleur &amp; Page\u00a0:<\/td>\n<td valign=\"top\" width=\"310\">Couleur unique (marron\/vert\/dor\u00e9)<\/td>\n<\/tr>\n<tr>\n<td valign=\"top\" width=\"140\">Taper:<\/td>\n<td valign=\"top\" width=\"351\">Imprimante \u00e0 jet d&#039;encre<\/td>\n<td valign=\"top\" width=\"81\">Secteurs concern\u00e9s\u00a0:<\/td>\n<td valign=\"top\" width=\"310\">H\u00f4tels, restaurants, usage domestique, vente au d\u00e9tail, \u00e9picerie, imprimeries, magasins d&#039;alimentation et de boissons<\/td>\n<\/tr>\n<tr>\n<td valign=\"top\" width=\"140\">Condition:<\/td>\n<td valign=\"top\" width=\"351\">Nouveau<\/td>\n<td valign=\"top\" width=\"81\">Type de plaque\u00a0:<\/td>\n<td valign=\"top\" width=\"310\">Imprimante \u00e0 plat<\/td>\n<\/tr>\n<tr>\n<td valign=\"top\" width=\"140\">Lieu d&#039;origine\u00a0:<\/td>\n<td valign=\"top\" width=\"351\">Guangdong, Chine<\/td>\n<td valign=\"top\" width=\"81\">Marque:<\/td>\n<td valign=\"top\" width=\"310\">\u00c9VEBOT<\/td>\n<\/tr>\n<tr>\n<td valign=\"top\" width=\"140\">Usage:<\/td>\n<td valign=\"top\" width=\"351\">Imprimante \u00e0 caf\u00e9<\/td>\n<td valign=\"top\" width=\"81\">Note automatique\u00a0:<\/td>\n<td valign=\"top\" width=\"310\">Automatique<\/td>\n<\/tr>\n<tr>\n<td valign=\"top\" width=\"140\">tension:<\/td>\n<td valign=\"top\" width=\"351\">220V<\/td>\n<td valign=\"top\" width=\"81\">Dimensions (L*W*H):<\/td>\n<td valign=\"top\" width=\"310\">27*34*41CM<\/td>\n<\/tr>\n<tr>\n<td valign=\"top\" width=\"140\">R\u00e9solution:<\/td>\n<td valign=\"top\" width=\"351\">200 ppp<\/td>\n<td valign=\"top\" width=\"81\">Attestation\u00a0:<\/td>\n<td valign=\"top\" width=\"310\">GV, UL, FCC, CE, FDA, RoHs<\/td>\n<\/tr>\n<tr>\n<td valign=\"top\" width=\"140\">Service apr\u00e8s-vente assur\u00e9\u00a0:<\/td>\n<td valign=\"top\" width=\"351\">Support en ligne, support technique vid\u00e9o<\/td>\n<td valign=\"top\" width=\"81\">Garantie:<\/td>\n<td valign=\"top\" width=\"310\">1 an<\/td>\n<\/tr>\n<tr>\n<td valign=\"top\" width=\"140\">Type d&#039;encre\u00a0:<\/td>\n<td valign=\"top\" width=\"351\">Encre comestible<\/td>\n<td valign=\"top\" width=\"81\">Puissance de fonctionnement\u00a0:<\/td>\n<td valign=\"top\" width=\"310\">15W<\/td>\n<\/tr>\n<tr>\n<td valign=\"top\" width=\"140\">Couleur de l&#039;appareil\u00a0:<\/td>\n<td valign=\"top\" width=\"351\">Noir blanc<\/td>\n<td valign=\"top\" width=\"81\">Application:<\/td>\n<td valign=\"top\" width=\"310\">lait, th\u00e9, caf\u00e9, g\u00e2teaux, p\u00e2tisseries<\/td>\n<\/tr>\n<tr>\n<td colspan=\"1\" rowspan=\"1\" valign=\"top\" width=\"140\">Poids brut:<\/td>\n<td colspan=\"1\" rowspan=\"1\" valign=\"top\" width=\"351\">14KG<\/td>\n<td colspan=\"1\" rowspan=\"1\" valign=\"top\" width=\"81\">Hauteur de tasse\u00a0:<\/td>\n<td colspan=\"1\" rowspan=\"1\" valign=\"top\" width=\"310\">5 cm ~ 18 cm<\/td>\n<\/tr>\n<tr>\n<td colspan=\"1\" rowspan=\"1\" valign=\"top\" width=\"140\">Poids net:<\/td>\n<td colspan=\"1\" rowspan=\"1\" valign=\"top\" width=\"351\">12KG<\/td>\n<td colspan=\"1\" rowspan=\"1\" valign=\"top\" width=\"81\">Mat\u00e9riau du corps :<\/td>\n<td colspan=\"1\" rowspan=\"1\" valign=\"top\" width=\"310\">M\u00e9tal<\/td>\n<\/tr>\n<tr>\n<td colspan=\"1\" rowspan=\"1\" valign=\"top\" width=\"140\"><\/td>\n<td colspan=\"1\" rowspan=\"1\" valign=\"top\" width=\"351\"><\/td>\n<td colspan=\"1\" rowspan=\"1\" valign=\"top\" width=\"81\"><\/td>\n<td colspan=\"1\" rowspan=\"1\" valign=\"top\" width=\"310\"><\/td>\n<\/tr>\n<\/tbody>\n<\/table>\n<p style=\"text-align: center;\">Emballage et livraison<\/p>\n<p style=\"text-align: center;\">Unit\u00e9s de vente\u00a0: article unique<\/p>\n<p style=\"text-align: center;\">Taille de l&#039;emballage unique : 56 x 42 x 38 cm.<\/p>\n<p style=\"text-align: center;\">Poids brut unique\u00a0: 14\u00a0kg<\/p>\n<p style=\"text-align: center;\">Type d&#039;emballage : emballage en carton.<\/p>\n<p style=\"text-align: center;\">\u00a0D\u00e9lai de mise en \u0153uvre :<\/p>\n<div class=\"sliderTable mt10 mb10 sliderTable-index1\">\n<div class=\"inner\" style=\"text-align: center;\">\n<table align=\"center\">\n<tbody>\n<tr class=\"firstRow\">\n<td class=\"selectTdClass\" valign=\"top\" width=\"158\">Quantit\u00e9 (pi\u00e8ces)<\/td>\n<td class=\"selectTdClass\" valign=\"top\" width=\"158\">1-10<\/td>\n<td class=\"selectTdClass\" valign=\"top\" width=\"158\">11-50<\/td>\n<td class=\"selectTdClass\" valign=\"top\" width=\"158\">51-100<\/td>\n<td class=\"selectTdClass\" valign=\"top\" width=\"158\">&gt;100<\/td>\n<\/tr>\n<tr>\n<td class=\"selectTdClass\" valign=\"top\" width=\"158\">Temps estim\u00e9 (jours)<\/td>\n<td class=\"selectTdClass\" valign=\"top\" width=\"158\">7<\/td>\n<td class=\"selectTdClass\" valign=\"top\" width=\"158\">10<\/td>\n<td class=\"selectTdClass\" valign=\"top\" width=\"158\">15<\/td>\n<td class=\"selectTdClass\" valign=\"top\" width=\"158\">A n\u00e9gocier<\/td>\n<\/tr>\n<\/tbody>\n<\/table>\n<figure id=\"attachment_2282\" aria-describedby=\"caption-attachment-2282\" style=\"width: 750px\" class=\"wp-caption aligncenter\"><img fetchpriority=\"high\" decoding=\"async\" class=\"wp-image-2282 size-full\" src=\"http:\/\/evebot-shop.com\/wp-content\/uploads\/2022\/05\/Coffee-printer1.webp\" alt=\"coffee printer\" width=\"750\" height=\"2517\" srcset=\"https:\/\/evebot-shop.com\/wp-content\/uploads\/2022\/05\/Coffee-printer1.webp 750w, https:\/\/evebot-shop.com\/wp-content\/uploads\/2022\/05\/Coffee-printer1-89x300.webp 89w, https:\/\/evebot-shop.com\/wp-content\/uploads\/2022\/05\/Coffee-printer1-305x1024.webp 305w, https:\/\/evebot-shop.com\/wp-content\/uploads\/2022\/05\/Coffee-printer1-458x1536.webp 458w, https:\/\/evebot-shop.com\/wp-content\/uploads\/2022\/05\/Coffee-printer1-610x2048.webp 610w, https:\/\/evebot-shop.com\/wp-content\/uploads\/2022\/05\/Coffee-printer1-4x12.webp 4w, https:\/\/evebot-shop.com\/wp-content\/uploads\/2022\/05\/Coffee-printer1-600x2014.webp 600w\" sizes=\"(max-width: 750px) 100vw, 750px\" \/><figcaption id=\"caption-attachment-2282\" class=\"wp-caption-text\">imprimante \u00e0 caf\u00e9<\/figcaption><\/figure>\n<p><img decoding=\"async\" class=\"wp-image-2284\" src=\"http:\/\/evebot-shop.com\/wp-content\/uploads\/2022\/05\/Coffee-printer2-scaled.webp\" alt=\"\" width=\"750\" height=\"3048\" srcset=\"https:\/\/evebot-shop.com\/wp-content\/uploads\/2022\/05\/Coffee-printer2-scaled.webp 630w, https:\/\/evebot-shop.com\/wp-content\/uploads\/2022\/05\/Coffee-printer2-74x300.webp 74w, https:\/\/evebot-shop.com\/wp-content\/uploads\/2022\/05\/Coffee-printer2-252x1024.webp 252w, https:\/\/evebot-shop.com\/wp-content\/uploads\/2022\/05\/Coffee-printer2-378x1536.webp 378w, https:\/\/evebot-shop.com\/wp-content\/uploads\/2022\/05\/Coffee-printer2-504x2048.webp 504w, https:\/\/evebot-shop.com\/wp-content\/uploads\/2022\/05\/Coffee-printer2-3x12.webp 3w, https:\/\/evebot-shop.com\/wp-content\/uploads\/2022\/05\/Coffee-printer2-600x2439.webp 600w\" sizes=\"(max-width: 750px) 100vw, 750px\" \/><\/p>\n<p><img decoding=\"async\" class=\"alignnone wp-image-2292\" src=\"http:\/\/evebot-shop.com\/wp-content\/uploads\/2022\/05\/Coffee-printer3-scaled.webp\" alt=\"\" width=\"750\" height=\"2779\" srcset=\"https:\/\/evebot-shop.com\/wp-content\/uploads\/2022\/05\/Coffee-printer3-scaled.webp 691w, https:\/\/evebot-shop.com\/wp-content\/uploads\/2022\/05\/Coffee-printer3-81x300.webp 81w, https:\/\/evebot-shop.com\/wp-content\/uploads\/2022\/05\/Coffee-printer3-276x1024.webp 276w, https:\/\/evebot-shop.com\/wp-content\/uploads\/2022\/05\/Coffee-printer3-553x2048.webp 553w, https:\/\/evebot-shop.com\/wp-content\/uploads\/2022\/05\/Coffee-printer3-3x12.webp 3w, https:\/\/evebot-shop.com\/wp-content\/uploads\/2022\/05\/Coffee-printer3-600x2222.webp 600w\" sizes=\"(max-width: 750px) 100vw, 750px\" \/><\/p>\n<\/div>\n<\/div>\n<\/div>\n<\/div>","protected":false},"excerpt":{"rendered":"<p>Selfie caf\u00e9 imprimante machine Selfie Latte machine Chine fournisseur g\u00e2teau biscuit pain macaron bi\u00e8re mousse boisson art imprimante \u00e0 jet d&#039;encre, prendre la photo par appareil photo que vous pouvez connecter EB-FT4 par c\u00e2ble USB \u00e0 l&#039;arri\u00e8re de la machine, ou scanner le code QR ou t\u00e9l\u00e9charger vos images par URL sur l&#039;\u00e9cran, s\u00e9lectionnez la lumi\u00e8re et la taille, puis s\u00e9lectionnez &quot;imprimer&quot;, apr\u00e8s environ 10 \u00e0 30 secondes, votre image sera imprim\u00e9e sur la surface de votre nourriture ou de votre boisson, m\u00eame pour votre amoureux\u00a0!<\/p>\n<p>L&#039;imprimante \u00e0 caf\u00e9 selfie EVEBOT dispose de 12 langues : chinois simplifi\u00e9, chinois traditionnel, anglais, japonais, italien, vietnamien, allemand, tha\u00ef, tch\u00e8que, russe, fran\u00e7ais et cor\u00e9en.<\/p>\n<p>L&#039;imprimante \u00e0 caf\u00e9 EB-FT4 est classique, la r\u00e9solution est de 200 DPI, couleur d&#039;impression : caf\u00e9\/or\/matcha. La cartouche d&#039;encre EB-FB1 peut imprimer 800 tasses de plus.<\/p>","protected":false},"featured_media":2481,"comment_status":"closed","ping_status":"closed","template":"","meta":{"site-sidebar-layout":"default","site-content-layout":"default","ast-global-header-display":"","ast-banner-title-visibility":"","ast-main-header-display":"","ast-hfb-above-header-display":"","ast-hfb-below-header-display":"","ast-hfb-mobile-header-display":"","site-post-title":"","ast-breadcrumbs-content":"","ast-featured-img":"","footer-sml-layout":"","theme-transparent-header-meta":"default","adv-header-id-meta":"","stick-header-meta":"","header-above-stick-meta":"","header-main-stick-meta":"","header-below-stick-meta":""},"product_cat":[15],"product_tag":[19],"class_list":{"0":"post-2280","1":"product","2":"type-product","3":"status-publish","4":"has-post-thumbnail","6":"product_cat-coffee-printer","7":"product_tag-coffee-printer-eb-ft4","8":"desktop-align-center","9":"tablet-align-left","10":"mobile-align-left","11":"ast-product-gallery-layout-horizontal","12":"ast-product-single-variable","13":"ast-product-tabs-layout-horizontal","14":"ast-qv-on-image","16":"first","17":"instock","18":"sale","19":"shipping-taxable","20":"purchasable","21":"product-type-variable"},"_links":{"self":[{"href":"https:\/\/evebot-shop.com\/fr\/wp-json\/wp\/v2\/product\/2280","targetHints":{"allow":["GET"]}}],"collection":[{"href":"https:\/\/evebot-shop.com\/fr\/wp-json\/wp\/v2\/product"}],"about":[{"href":"https:\/\/evebot-shop.com\/fr\/wp-json\/wp\/v2\/types\/product"}],"replies":[{"embeddable":true,"href":"https:\/\/evebot-shop.com\/fr\/wp-json\/wp\/v2\/comments?post=2280"}],"version-history":[{"count":5,"href":"https:\/\/evebot-shop.com\/fr\/wp-json\/wp\/v2\/product\/2280\/revisions"}],"predecessor-version":[{"id":2794,"href":"https:\/\/evebot-shop.com\/fr\/wp-json\/wp\/v2\/product\/2280\/revisions\/2794"}],"wp:featuredmedia":[{"embeddable":true,"href":"https:\/\/evebot-shop.com\/fr\/wp-json\/wp\/v2\/media\/2481"}],"wp:attachment":[{"href":"https:\/\/evebot-shop.com\/fr\/wp-json\/wp\/v2\/media?parent=2280"}],"wp:term":[{"taxonomy":"product_cat","embeddable":true,"href":"https:\/\/evebot-shop.com\/fr\/wp-json\/wp\/v2\/product_cat?post=2280"},{"taxonomy":"product_tag","embeddable":true,"href":"https:\/\/evebot-shop.com\/fr\/wp-json\/wp\/v2\/product_tag?post=2280"}],"curies":[{"name":"wp","href":"https:\/\/api.w.org\/{rel}","templated":true}]}}