{"id":2813,"date":"2023-06-25T06:34:14","date_gmt":"2023-06-25T06:34:14","guid":{"rendered":"http:\/\/evebot-shop.com\/?post_type=product&#038;p=2813"},"modified":"2025-05-25T07:44:39","modified_gmt":"2025-05-25T07:44:39","slug":"evebot-handheld-printer-edible-ink-cartridge","status":"publish","type":"product","link":"https:\/\/evebot-shop.com\/es\/product\/evebot-handheld-printer-edible-ink-cartridge\/","title":{"rendered":"Cartucho de tinta comestible para impresora de mano Evebot"},"content":{"rendered":"<h3><strong>Tinta comestible y respetuosa con el medio ambiente<\/strong><\/h3>\n<p>La tinta com\u00fanmente utilizada en las impresoras es la tinta HP.<br data-filtered=\"filtered\" \/>Fue f\u00e1cil para nosotros desarrollar esto, pero elegimos &quot;eco&quot; porque est\u00e1bamos interesados en temas ambientales como el &quot;calentamiento global&quot;.<br data-filtered=\"filtered\" \/>La tinta comestible es una tinta respetuosa con el medio ambiente aprobada por la FDA (Administraci\u00f3n de Alimentos y Medicamentos) de EE. UU. y Europa.<br data-filtered=\"filtered\" \/>Es un producto que se puede comer a base de tinta comestible y puede ser tocado por los ni\u00f1os.<br data-filtered=\"filtered\" \/>Recordar: Excepto tintas est\u00e1ndar y tintas invisibles.<\/p>\n<h3><strong>Preguntas m\u00e1s frecuentes<\/strong><\/h3>\n<p>P1. \u00bfC\u00f3mo cuido y limpio los cartuchos de tinta?<\/p>\n<p>Para evitar que se impriman l\u00edneas blancas, se recomienda limpiar y limpiar las boquillas de los cartuchos de tinta con una toalla de papel antes de cada uso (debido a que las boquillas de nuestros cartuchos de tinta tienen 308 tubos, cada abertura es solo aproximadamente un tercio de la tama\u00f1o de un cabello, y las boquillas est\u00e1n directamente expuestas al exterior, por lo que el polvo es muy f\u00e1cil de bloquear la boquilla y debe limpiarse regularmente)<\/p>\n<p>Si no lo usa durante mucho tiempo (m\u00e1s de 3 d\u00edas), debe abrochar la hebilla del cartucho de tinta y guardarlo en un lugar fresco. Despu\u00e9s de cada uso, cierre la tapa de la m\u00e1quina.<\/p>\n<p>P2. \u00bfCu\u00e1nto tiempo puede imprimir un cartucho de tinta?<br data-filtered=\"filtered\" \/><br data-filtered=\"filtered\" \/>Un cartucho de tinta contiene 20 ml de tinta y, para la impresi\u00f3n est\u00e1ndar, la longitud imprimible es de unos 200 metros y el n\u00famero de veces es de unas 3500 veces. (Impresi\u00f3n est\u00e1ndar: se imprime una imagen con un tama\u00f1o de 26 * 100 mm y la parte impresa ocupa 40%)<\/p>\n<p><img decoding=\"async\" src=\"https:\/\/cdn.shopify.com\/s\/files\/1\/0246\/6745\/5535\/files\/printpatternsize_600x600.png?v=1669955305\" alt=\"\" \/><br data-filtered=\"filtered\" \/><br data-filtered=\"filtered\" \/>P3. \u00bfCu\u00e1l es el ancho m\u00e1ximo de impresi\u00f3n?<br data-filtered=\"filtered\" \/><br data-filtered=\"filtered\" \/>El ancho m\u00e1ximo que puede imprimir el bol\u00edgrafo de impresi\u00f3n EVEBOT es de 26 mm, que es el ancho m\u00e1ximo que puede imprimir una impresora port\u00e1til hasta el momento.<br data-filtered=\"filtered\" \/><br data-filtered=\"filtered\" \/>P4. Per\u00edodo de almacenamiento del cartucho de tinta<br data-filtered=\"filtered\" \/><br data-filtered=\"filtered\" \/>Los cartuchos de tinta sin abrir son para un a\u00f1o y los abiertos para medio a\u00f1o. Cuando utilice el paquete despu\u00e9s de abrirlo, aseg\u00farese de cerrar la funda protectora para evitar que la tinta de la boquilla se seque y se obstruya.<br data-filtered=\"filtered\" \/><br data-filtered=\"filtered\" \/>P5. \u00bfCu\u00e1nto dura el texto o logo impreso en el objeto?<br data-filtered=\"filtered\" \/><br data-filtered=\"filtered\" \/>La tinta est\u00e1ndar incluida se desprender\u00e1 cuando se lave con agua. Si no se lava, la impresi\u00f3n en materiales como papel y madera ser\u00e1 semipermanente, y la impresi\u00f3n en la piel durar\u00e1 aproximadamente un d\u00eda. (Si suda mucho, puede desaparecer r\u00e1pidamente).<br data-filtered=\"filtered\" \/><br data-filtered=\"filtered\" \/>*La tinta permanente a\u00fan se encuentra en etapa de optimizaci\u00f3n y a\u00fan no est\u00e1 en el mercado.<br data-filtered=\"filtered\" \/><br data-filtered=\"filtered\" \/>P6. \u00bfEs f\u00e1cil reemplazar el cartucho de tinta?<br data-filtered=\"filtered\" \/><br data-filtered=\"filtered\" \/>Los cartuchos de tinta son f\u00e1ciles de reemplazar, y para el almacenamiento de cartuchos de tinta, cada cartucho de tinta tiene una funda protectora, por lo que cuando utilice un cartucho de tinta nuevo, simplemente cierre la funda protectora del cartucho de tinta anterior.<br data-filtered=\"filtered\" \/><br data-filtered=\"filtered\" \/>P7. Cuando lo inicias, \u00bfquieres apagarlo autom\u00e1ticamente si no lo usas?<br data-filtered=\"filtered\" \/><br data-filtered=\"filtered\" \/>Si no hay operaci\u00f3n durante 30 minutos, la alimentaci\u00f3n se apagar\u00e1 autom\u00e1ticamente.<br data-filtered=\"filtered\" \/><br data-filtered=\"filtered\" \/>P8. \u00bfNo hay a todo color?<br data-filtered=\"filtered\" \/><br data-filtered=\"filtered\" \/>A todo color se encuentra actualmente en desarrollo.<\/p>\n<p>P9. \u00bfLa tinta tiene certificaci\u00f3n de seguridad alimentaria?<\/p>\n<p>Nuestras tintas est\u00e1n certificadas por la FDA, por lo que puede utilizarlas con confianza. Los vegetarianos y kosher tambi\u00e9n son seguros para comer.<\/p>","protected":false},"excerpt":{"rendered":"<p>Environmentally safe and edible ink The ink commonly used in printers is HP ink.It was easy for us to develop using this, but we chose &#8220;eco&#8221; because we were interested in environmental issues such as &#8220;global warming&#8221;.Edible ink is an environmentally friendly ink approved by the US and European FDA (Food and Drug Administration).It is &hellip;<\/p>\n<p class=\"read-more\"> <a class=\"\" href=\"https:\/\/evebot-shop.com\/es\/product\/evebot-handheld-printer-edible-ink-cartridge\/\"> <span class=\"screen-reader-text\">Cartucho de tinta comestible para impresora de mano Evebot<\/span> Leer m\u00e1s &raquo;<\/a><\/p>","protected":false},"featured_media":2823,"comment_status":"open","ping_status":"closed","template":"","meta":{"site-sidebar-layout":"default","site-content-layout":"default","ast-global-header-display":"","ast-banner-title-visibility":"","ast-main-header-display":"","ast-hfb-above-header-display":"","ast-hfb-below-header-display":"","ast-hfb-mobile-header-display":"","site-post-title":"","ast-breadcrumbs-content":"","ast-featured-img":"","footer-sml-layout":"","theme-transparent-header-meta":"default","adv-header-id-meta":"","stick-header-meta":"","header-above-stick-meta":"","header-main-stick-meta":"","header-below-stick-meta":""},"product_cat":[10],"product_tag":[25],"class_list":{"0":"post-2813","1":"product","2":"type-product","3":"status-publish","4":"has-post-thumbnail","6":"product_cat-cartridge","7":"product_tag-ink-cartridge-of-printpen-printpods","8":"desktop-align-center","9":"tablet-align-left","10":"mobile-align-left","11":"ast-product-gallery-layout-horizontal","12":"ast-product-single-variable","13":"ast-product-tabs-layout-horizontal","14":"ast-qv-on-image","16":"first","17":"instock","18":"sale","19":"shipping-taxable","20":"purchasable","21":"product-type-variable"},"_links":{"self":[{"href":"https:\/\/evebot-shop.com\/es\/wp-json\/wp\/v2\/product\/2813","targetHints":{"allow":["GET"]}}],"collection":[{"href":"https:\/\/evebot-shop.com\/es\/wp-json\/wp\/v2\/product"}],"about":[{"href":"https:\/\/evebot-shop.com\/es\/wp-json\/wp\/v2\/types\/product"}],"replies":[{"embeddable":true,"href":"https:\/\/evebot-shop.com\/es\/wp-json\/wp\/v2\/comments?post=2813"}],"version-history":[{"count":2,"href":"https:\/\/evebot-shop.com\/es\/wp-json\/wp\/v2\/product\/2813\/revisions"}],"predecessor-version":[{"id":2830,"href":"https:\/\/evebot-shop.com\/es\/wp-json\/wp\/v2\/product\/2813\/revisions\/2830"}],"wp:featuredmedia":[{"embeddable":true,"href":"https:\/\/evebot-shop.com\/es\/wp-json\/wp\/v2\/media\/2823"}],"wp:attachment":[{"href":"https:\/\/evebot-shop.com\/es\/wp-json\/wp\/v2\/media?parent=2813"}],"wp:term":[{"taxonomy":"product_cat","embeddable":true,"href":"https:\/\/evebot-shop.com\/es\/wp-json\/wp\/v2\/product_cat?post=2813"},{"taxonomy":"product_tag","embeddable":true,"href":"https:\/\/evebot-shop.com\/es\/wp-json\/wp\/v2\/product_tag?post=2813"}],"curies":[{"name":"wp","href":"https:\/\/api.w.org\/{rel}","templated":true}]}}