{"id":2280,"date":"2022-05-18T06:07:30","date_gmt":"2022-05-18T06:07:30","guid":{"rendered":"http:\/\/evebot-shop.com\/?post_type=product&#038;p=2280"},"modified":"2023-06-25T09:13:30","modified_gmt":"2023-06-25T09:13:30","slug":"coffee-printer-eb-ft4","status":"publish","type":"product","link":"https:\/\/evebot-shop.com\/es\/product\/coffee-printer-eb-ft4\/","title":{"rendered":"Impresora de caf\u00e9 EB-FT4"},"content":{"rendered":"<div class=\"ast-oembed-container\" style=\"height: 100%;\"><iframe title=\"Fantasia, crea Fancy en tu taza!\" width=\"500\" height=\"281\" src=\"https:\/\/www.youtube.com\/embed\/BwwKfQai2QA?feature=oembed\" frameborder=\"0\" allow=\"accelerometer; autoplay; clipboard-write; encrypted-media; gyroscope; picture-in-picture; web-share\" referrerpolicy=\"strict-origin-when-cross-origin\" allowfullscreen><\/iframe><\/div>\n<p style=\"text-align: center;\"><strong>Descripci\u00f3n general<\/strong><\/p>\n<p style=\"text-align: center;\"><strong>Detalles R\u00e1pidos<\/strong><\/p>\n<p>&nbsp;<\/p>\n<div class=\"sliderTable mt10 mb10 sliderTable-index0\">\n<div class=\"inner\">\n<table style=\"height: 483px;\" width=\"1059\" align=\"center\">\n<tbody>\n<tr class=\"firstRow\">\n<td valign=\"top\" width=\"140\">Dimensi\u00f3n de impresi\u00f3n:<\/td>\n<td valign=\"top\" width=\"351\">4-10 cm<\/td>\n<td valign=\"top\" width=\"81\">Color y p\u00e1gina:<\/td>\n<td valign=\"top\" width=\"310\">Color \u00fanico (marr\u00f3n\/verde\/dorado)<\/td>\n<\/tr>\n<tr>\n<td valign=\"top\" width=\"140\">Tipo:<\/td>\n<td valign=\"top\" width=\"351\">Impresora de inyecci\u00f3n de tinta<\/td>\n<td valign=\"top\" width=\"81\">Industrias aplicables:<\/td>\n<td valign=\"top\" width=\"310\">Hoteles, restaurante, uso dom\u00e9stico, comercio minorista, tienda de alimentos, imprentas, tiendas de alimentos y bebidas<\/td>\n<\/tr>\n<tr>\n<td valign=\"top\" width=\"140\">Condici\u00f3n:<\/td>\n<td valign=\"top\" width=\"351\">Nuevo<\/td>\n<td valign=\"top\" width=\"81\">Tipo de plato:<\/td>\n<td valign=\"top\" width=\"310\">Impresora de cama plana<\/td>\n<\/tr>\n<tr>\n<td valign=\"top\" width=\"140\">Lugar de origen:<\/td>\n<td valign=\"top\" width=\"351\">Guangdong, China<\/td>\n<td valign=\"top\" width=\"81\">Nombre de la marca:<\/td>\n<td valign=\"top\" width=\"310\">EVEBOT<\/td>\n<\/tr>\n<tr>\n<td valign=\"top\" width=\"140\">Uso:<\/td>\n<td valign=\"top\" width=\"351\">Impresora de cafe<\/td>\n<td valign=\"top\" width=\"81\">Calificaci\u00f3n autom\u00e1tica:<\/td>\n<td valign=\"top\" width=\"310\">Autom\u00e1tico<\/td>\n<\/tr>\n<tr>\n<td valign=\"top\" width=\"140\">Voltaje:<\/td>\n<td valign=\"top\" width=\"351\">220V<\/td>\n<td valign=\"top\" width=\"81\">Dimensiones (largo x ancho x alto):<\/td>\n<td valign=\"top\" width=\"310\">27*34*41 CM<\/td>\n<\/tr>\n<tr>\n<td valign=\"top\" width=\"140\">Resoluci\u00f3n:<\/td>\n<td valign=\"top\" width=\"351\">200 ppp<\/td>\n<td valign=\"top\" width=\"81\">Certificaci\u00f3n:<\/td>\n<td valign=\"top\" width=\"310\">SGS, UL, FCC, CE, FDA, RoHS<\/td>\n<\/tr>\n<tr>\n<td valign=\"top\" width=\"140\">Servicio posventa proporcionado:<\/td>\n<td valign=\"top\" width=\"351\">Soporte en l\u00ednea, soporte t\u00e9cnico de video<\/td>\n<td valign=\"top\" width=\"81\">Garant\u00eda:<\/td>\n<td valign=\"top\" width=\"310\">1 a\u00f1o<\/td>\n<\/tr>\n<tr>\n<td valign=\"top\" width=\"140\">Tipo de tinta:<\/td>\n<td valign=\"top\" width=\"351\">tinta comestible<\/td>\n<td valign=\"top\" width=\"81\">Potencia corriente:<\/td>\n<td valign=\"top\" width=\"310\">15W<\/td>\n<\/tr>\n<tr>\n<td valign=\"top\" width=\"140\">Color de la m\u00e1quina:<\/td>\n<td valign=\"top\" width=\"351\">Blanco negro<\/td>\n<td valign=\"top\" width=\"81\">Solicitud:<\/td>\n<td valign=\"top\" width=\"310\">leche, t\u00e9, caf\u00e9, tortas, pasteles<\/td>\n<\/tr>\n<tr>\n<td colspan=\"1\" rowspan=\"1\" valign=\"top\" width=\"140\">Peso bruto:<\/td>\n<td colspan=\"1\" rowspan=\"1\" valign=\"top\" width=\"351\">14KG<\/td>\n<td colspan=\"1\" rowspan=\"1\" valign=\"top\" width=\"81\">Altura de la copa:<\/td>\n<td colspan=\"1\" rowspan=\"1\" valign=\"top\" width=\"310\">5 cm ~ 18 cm<\/td>\n<\/tr>\n<tr>\n<td colspan=\"1\" rowspan=\"1\" valign=\"top\" width=\"140\">Peso neto:<\/td>\n<td colspan=\"1\" rowspan=\"1\" valign=\"top\" width=\"351\">12KG<\/td>\n<td colspan=\"1\" rowspan=\"1\" valign=\"top\" width=\"81\">Cuerpo material:<\/td>\n<td colspan=\"1\" rowspan=\"1\" valign=\"top\" width=\"310\">Metal<\/td>\n<\/tr>\n<tr>\n<td colspan=\"1\" rowspan=\"1\" valign=\"top\" width=\"140\"><\/td>\n<td colspan=\"1\" rowspan=\"1\" valign=\"top\" width=\"351\"><\/td>\n<td colspan=\"1\" rowspan=\"1\" valign=\"top\" width=\"81\"><\/td>\n<td colspan=\"1\" rowspan=\"1\" valign=\"top\" width=\"310\"><\/td>\n<\/tr>\n<\/tbody>\n<\/table>\n<p style=\"text-align: center;\">Empaquetado y entrega<\/p>\n<p style=\"text-align: center;\">Unidades de venta: art\u00edculo \u00fanico<\/p>\n<p style=\"text-align: center;\">Tama\u00f1o del paquete individual: 56X42X38cm<\/p>\n<p style=\"text-align: center;\">Peso bruto individual: 14 kg<\/p>\n<p style=\"text-align: center;\">Tipo de paquete: Embalaje de cart\u00f3n<\/p>\n<p style=\"text-align: center;\">\u00a0Tiempo de espera :<\/p>\n<div class=\"sliderTable mt10 mb10 sliderTable-index1\">\n<div class=\"inner\" style=\"text-align: center;\">\n<table align=\"center\">\n<tbody>\n<tr class=\"firstRow\">\n<td class=\"selectTdClass\" valign=\"top\" width=\"158\">Cantidad (Piezas)<\/td>\n<td class=\"selectTdClass\" valign=\"top\" width=\"158\">1-10<\/td>\n<td class=\"selectTdClass\" valign=\"top\" width=\"158\">11-50<\/td>\n<td class=\"selectTdClass\" valign=\"top\" width=\"158\">51-100<\/td>\n<td class=\"selectTdClass\" valign=\"top\" width=\"158\">&gt;100<\/td>\n<\/tr>\n<tr>\n<td class=\"selectTdClass\" valign=\"top\" width=\"158\">Tiempo estimado (d\u00edas)<\/td>\n<td class=\"selectTdClass\" valign=\"top\" width=\"158\">7<\/td>\n<td class=\"selectTdClass\" valign=\"top\" width=\"158\">10<\/td>\n<td class=\"selectTdClass\" valign=\"top\" width=\"158\">15<\/td>\n<td class=\"selectTdClass\" valign=\"top\" width=\"158\">Ser negociado<\/td>\n<\/tr>\n<\/tbody>\n<\/table>\n<figure id=\"attachment_2282\" aria-describedby=\"caption-attachment-2282\" style=\"width: 750px\" class=\"wp-caption aligncenter\"><img fetchpriority=\"high\" decoding=\"async\" class=\"wp-image-2282 size-full\" src=\"http:\/\/evebot-shop.com\/wp-content\/uploads\/2022\/05\/Coffee-printer1.webp\" alt=\"coffee printer\" width=\"750\" height=\"2517\" srcset=\"https:\/\/evebot-shop.com\/wp-content\/uploads\/2022\/05\/Coffee-printer1.webp 750w, https:\/\/evebot-shop.com\/wp-content\/uploads\/2022\/05\/Coffee-printer1-89x300.webp 89w, https:\/\/evebot-shop.com\/wp-content\/uploads\/2022\/05\/Coffee-printer1-305x1024.webp 305w, https:\/\/evebot-shop.com\/wp-content\/uploads\/2022\/05\/Coffee-printer1-458x1536.webp 458w, https:\/\/evebot-shop.com\/wp-content\/uploads\/2022\/05\/Coffee-printer1-610x2048.webp 610w, https:\/\/evebot-shop.com\/wp-content\/uploads\/2022\/05\/Coffee-printer1-4x12.webp 4w, https:\/\/evebot-shop.com\/wp-content\/uploads\/2022\/05\/Coffee-printer1-600x2014.webp 600w\" sizes=\"(max-width: 750px) 100vw, 750px\" \/><figcaption id=\"caption-attachment-2282\" class=\"wp-caption-text\">impresora de caf\u00e9<\/figcaption><\/figure>\n<p><img decoding=\"async\" class=\"wp-image-2284\" src=\"http:\/\/evebot-shop.com\/wp-content\/uploads\/2022\/05\/Coffee-printer2-scaled.webp\" alt=\"\" width=\"750\" height=\"3048\" srcset=\"https:\/\/evebot-shop.com\/wp-content\/uploads\/2022\/05\/Coffee-printer2-scaled.webp 630w, https:\/\/evebot-shop.com\/wp-content\/uploads\/2022\/05\/Coffee-printer2-74x300.webp 74w, https:\/\/evebot-shop.com\/wp-content\/uploads\/2022\/05\/Coffee-printer2-252x1024.webp 252w, https:\/\/evebot-shop.com\/wp-content\/uploads\/2022\/05\/Coffee-printer2-378x1536.webp 378w, https:\/\/evebot-shop.com\/wp-content\/uploads\/2022\/05\/Coffee-printer2-504x2048.webp 504w, https:\/\/evebot-shop.com\/wp-content\/uploads\/2022\/05\/Coffee-printer2-3x12.webp 3w, https:\/\/evebot-shop.com\/wp-content\/uploads\/2022\/05\/Coffee-printer2-600x2439.webp 600w\" sizes=\"(max-width: 750px) 100vw, 750px\" \/><\/p>\n<p><img decoding=\"async\" class=\"alignnone wp-image-2292\" src=\"http:\/\/evebot-shop.com\/wp-content\/uploads\/2022\/05\/Coffee-printer3-scaled.webp\" alt=\"\" width=\"750\" height=\"2779\" srcset=\"https:\/\/evebot-shop.com\/wp-content\/uploads\/2022\/05\/Coffee-printer3-scaled.webp 691w, https:\/\/evebot-shop.com\/wp-content\/uploads\/2022\/05\/Coffee-printer3-81x300.webp 81w, https:\/\/evebot-shop.com\/wp-content\/uploads\/2022\/05\/Coffee-printer3-276x1024.webp 276w, https:\/\/evebot-shop.com\/wp-content\/uploads\/2022\/05\/Coffee-printer3-553x2048.webp 553w, https:\/\/evebot-shop.com\/wp-content\/uploads\/2022\/05\/Coffee-printer3-3x12.webp 3w, https:\/\/evebot-shop.com\/wp-content\/uploads\/2022\/05\/Coffee-printer3-600x2222.webp 600w\" sizes=\"(max-width: 750px) 100vw, 750px\" \/><\/p>\n<\/div>\n<\/div>\n<\/div>\n<\/div>","protected":false},"excerpt":{"rendered":"<p>M\u00e1quina impresora de caf\u00e9 Selfie M\u00e1quina Selfie Latte Proveedor de China pastel galleta pan macarrones cerveza espuma bebida arte impresora de inyecci\u00f3n de tinta, tome la foto con la c\u00e1mara que puede conectar EB-FT4 mediante un cable USB en la parte posterior de la m\u00e1quina, o escanee el c\u00f3digo QR o cargue sus im\u00e1genes por URL en la pantalla, seleccione la luz y el tama\u00f1o, luego seleccione &quot;imprimir&quot;, despu\u00e9s de aproximadamente 10 a 30 segundos, su imagen se imprimir\u00e1 en la superficie de su comida o bebida, \u00a1incluso para su amante!<\/p>\n<p>La impresora de caf\u00e9 selfie EVEBOT tiene 12 idiomas: chino simplificado, chino tradicional, ingl\u00e9s, japon\u00e9s, italiano, vietnamita, alem\u00e1n, tailand\u00e9s, checo, ruso, franc\u00e9s y coreano.<\/p>\n<p>La impresora de caf\u00e9 EB-FT4 es cl\u00e1sica, la resoluci\u00f3n es de 200 DPI, color de impresi\u00f3n: caf\u00e9\/oro\/matcha. El cartucho de tinta EB-FB1 puede imprimir 800 vasos m\u00e1s.<\/p>","protected":false},"featured_media":2481,"comment_status":"closed","ping_status":"closed","template":"","meta":{"site-sidebar-layout":"default","site-content-layout":"default","ast-global-header-display":"","ast-banner-title-visibility":"","ast-main-header-display":"","ast-hfb-above-header-display":"","ast-hfb-below-header-display":"","ast-hfb-mobile-header-display":"","site-post-title":"","ast-breadcrumbs-content":"","ast-featured-img":"","footer-sml-layout":"","theme-transparent-header-meta":"default","adv-header-id-meta":"","stick-header-meta":"","header-above-stick-meta":"","header-main-stick-meta":"","header-below-stick-meta":""},"product_cat":[15],"product_tag":[19],"class_list":{"0":"post-2280","1":"product","2":"type-product","3":"status-publish","4":"has-post-thumbnail","6":"product_cat-coffee-printer","7":"product_tag-coffee-printer-eb-ft4","8":"desktop-align-center","9":"tablet-align-left","10":"mobile-align-left","11":"ast-product-gallery-layout-horizontal","12":"ast-product-single-variable","13":"ast-product-tabs-layout-horizontal","14":"ast-qv-on-image","16":"first","17":"instock","18":"sale","19":"shipping-taxable","20":"purchasable","21":"product-type-variable"},"_links":{"self":[{"href":"https:\/\/evebot-shop.com\/es\/wp-json\/wp\/v2\/product\/2280","targetHints":{"allow":["GET"]}}],"collection":[{"href":"https:\/\/evebot-shop.com\/es\/wp-json\/wp\/v2\/product"}],"about":[{"href":"https:\/\/evebot-shop.com\/es\/wp-json\/wp\/v2\/types\/product"}],"replies":[{"embeddable":true,"href":"https:\/\/evebot-shop.com\/es\/wp-json\/wp\/v2\/comments?post=2280"}],"version-history":[{"count":5,"href":"https:\/\/evebot-shop.com\/es\/wp-json\/wp\/v2\/product\/2280\/revisions"}],"predecessor-version":[{"id":2794,"href":"https:\/\/evebot-shop.com\/es\/wp-json\/wp\/v2\/product\/2280\/revisions\/2794"}],"wp:featuredmedia":[{"embeddable":true,"href":"https:\/\/evebot-shop.com\/es\/wp-json\/wp\/v2\/media\/2481"}],"wp:attachment":[{"href":"https:\/\/evebot-shop.com\/es\/wp-json\/wp\/v2\/media?parent=2280"}],"wp:term":[{"taxonomy":"product_cat","embeddable":true,"href":"https:\/\/evebot-shop.com\/es\/wp-json\/wp\/v2\/product_cat?post=2280"},{"taxonomy":"product_tag","embeddable":true,"href":"https:\/\/evebot-shop.com\/es\/wp-json\/wp\/v2\/product_tag?post=2280"}],"curies":[{"name":"wp","href":"https:\/\/api.w.org\/{rel}","templated":true}]}}