{"id":2249,"date":"2022-05-18T02:35:08","date_gmt":"2022-05-18T02:35:08","guid":{"rendered":"http:\/\/evebot-shop.com\/?post_type=product&#038;p=2249"},"modified":"2023-06-25T09:09:31","modified_gmt":"2023-06-25T09:09:31","slug":"cartridge","status":"publish","type":"product","link":"https:\/\/evebot-shop.com\/es\/product\/cartridge\/","title":{"rendered":"Cartucho de tinta de Printpen y Printpods"},"content":{"rendered":"<div class=\"ast-oembed-container\" style=\"height: 100%;\"><iframe title=\"la incre\u00edble tinta invisible\" width=\"500\" height=\"281\" src=\"https:\/\/www.youtube.com\/embed\/56XOkpjlxx0?feature=oembed\" frameborder=\"0\" allow=\"accelerometer; autoplay; clipboard-write; encrypted-media; gyroscope; picture-in-picture; web-share\" referrerpolicy=\"strict-origin-when-cross-origin\" allowfullscreen><\/iframe><\/div>\n<h3 style=\"text-align: left;\"><strong>Precauciones para el uso de tintas inocuas para la piel<\/strong><\/h3>\n<p style=\"text-align: left;\">Tinta sin conservantes, soluble en agua, no irritante que se puede utilizar en la piel.<br \/>\nSe puede usar en lugar de calcoman\u00edas de tatuajes, como logotipos de equipos para ver deportes, as\u00ed como en eventos y fiestas.<br \/>\nNo hay duda de que crear\u00e1 un sentido de unidad y emoci\u00f3n.<br \/>\nAl imprimir en la piel (piel), preste mucha atenci\u00f3n a si hay alguna anomal\u00eda en la piel (piel). Si esto no est\u00e1 de acuerdo con su piel, deje de usarlo inmediatamente.<br \/>\nSi la tinta agradable a la piel no se adapta a su piel (piel), es decir, en los siguientes casos, suspenda su uso.<br \/>\nSi contin\u00faa us\u00e1ndolo tal como est\u00e1, los s\u00edntomas pueden empeorar, por lo que se recomienda consultar con un dermat\u00f3logo.<br \/>\n\u30fb Si experimenta anomal\u00edas como enrojecimiento, hinchaz\u00f3n, picaz\u00f3n, irritaci\u00f3n, p\u00e9rdida de color (manchas blancas, etc.) y oscurecimiento de la piel durante el uso.<br \/>\n\u30fb Cuando la piel (piel) utilizada se expone a la luz solar directa y aparecen las anomal\u00edas antes mencionadas.<\/p>\n<h3 style=\"text-align: left;\"><strong>Tinta comestible y respetuosa con el medio ambiente<\/strong><\/h3>\n<p style=\"text-align: left;\">La tinta com\u00fanmente utilizada en las impresoras es la tinta HP.<br \/>\nFue f\u00e1cil para nosotros desarrollar esto, pero elegimos &quot;eco&quot; porque est\u00e1bamos interesados en temas ambientales como el &quot;calentamiento global&quot;.<br \/>\nLa tinta respetuosa con la piel actualizada es una tinta ecol\u00f3gica aprobada por la FDA (Administraci\u00f3n de Alimentos y Medicamentos) en los Estados Unidos y Europa.<br \/>\nEs un producto que se puede comer a base de tinta comestible y puede ser tocado por los ni\u00f1os.<br \/>\nrecordar: Excepto para tintas est\u00e1ndar y tintas invisibles.<\/p>\n<h3 style=\"text-align: left;\"><strong>Preguntas m\u00e1s frecuentes<\/strong><\/h3>\n<p style=\"text-align: left;\">Q1. \u00bfCu\u00e1nto tiempo puede imprimir un cartucho de tinta?<\/p>\n<p>Un cartucho de tinta contiene 20 ml de tinta y, para la impresi\u00f3n est\u00e1ndar, la longitud imprimible es de unos 200 metros y el n\u00famero de veces es de unas 3500 veces. (Impresi\u00f3n est\u00e1ndar: se imprime una imagen con un tama\u00f1o de 26 * 100 mm y la parte impresa ocupa 40%)<\/p>\n<p>Q2. \u00bfCu\u00e1l es el ancho m\u00e1ximo imprimible?<\/p>\n<p>El ancho m\u00e1ximo que puede imprimir el bol\u00edgrafo de impresi\u00f3n EVEBOT es de 26 mm, que es el ancho m\u00e1ximo que puede imprimir una impresora port\u00e1til hasta el momento.<\/p>\n<p>Q3. Per\u00edodo de almacenamiento del cartucho de tinta<\/p>\n<p>Los cartuchos de tinta sin abrir son para un a\u00f1o y los abiertos para medio a\u00f1o. Cuando utilice el paquete despu\u00e9s de abrirlo, aseg\u00farese de cerrar la funda protectora para evitar que la tinta de la boquilla se seque y se obstruya.<\/p>\n<p>Q4. \u00bfCu\u00e1nto dura el texto o logo impreso en el objeto?<\/p>\n<p>La tinta est\u00e1ndar incluida se desprender\u00e1 cuando se lave con agua. Si no se lava, la impresi\u00f3n en materiales como papel y madera ser\u00e1 semipermanente, y la impresi\u00f3n en la piel durar\u00e1 aproximadamente un d\u00eda. (Si suda mucho, puede desaparecer r\u00e1pidamente).<\/p>\n<p>* Si est\u00e1 buscando tinta duradera, compre tinta duradera.<\/p>\n<p>P5. Por favor, d\u00edgame el sistema operativo compatible.<\/p>\n<p>Compatible con los sistemas IOS y Android.<\/p>\n<p>P6. \u00bfEs f\u00e1cil reemplazar el cartucho de tinta?<\/p>\n<p>Los cartuchos de tinta son f\u00e1ciles de reemplazar, y para el almacenamiento de cartuchos de tinta, cada cartucho de tinta tiene una funda protectora, por lo que cuando utilice un cartucho de tinta nuevo, simplemente cierre la funda protectora del cartucho de tinta anterior.<\/p>\n<p>P7. \u00bfCu\u00e1nto se agota la bater\u00eda despu\u00e9s de un a\u00f1o de uso?<\/p>\n<p>La bater\u00eda se consumir\u00e1 entre 7% y 10% con un uso normal durante un a\u00f1o.<\/p>\n<p>P8. Cuando lo enciendes, \u00bfquieres apagarlo autom\u00e1ticamente si no lo usas?<\/p>\n<p>Si no hay operaci\u00f3n durante 30 minutos, la alimentaci\u00f3n se apagar\u00e1 autom\u00e1ticamente.<\/p>\n<p>P9. \u00bfD\u00f3nde puedo comprarlo despu\u00e9s de que se haya usado la tinta?<\/p>\n<p>Una vez que finalice el crowdfunding, lo venderemos en nuestro sitio web oficial y en el principal sitio de compras en l\u00ednea.<\/p>\n<p>P10. \u00bfNo hay a todo color?<\/p>\n<p>A todo color se encuentra actualmente en desarrollo.<\/p>\n<p style=\"text-align: left;\">P11. \u00bfC\u00f3mo cuido y limpio los cartuchos de tinta?<\/p>\n<p style=\"text-align: left;\">Para evitar que se impriman l\u00edneas blancas, se recomienda limpiar y limpiar las boquillas de los cartuchos de tinta con una toalla de papel antes de cada uso (debido a que las boquillas de nuestros cartuchos de tinta tienen 308 tubos, cada abertura es solo aproximadamente un tercio de la tama\u00f1o de un cabello, y las boquillas est\u00e1n directamente expuestas al exterior, por lo que el polvo es muy f\u00e1cil de bloquear la boquilla y debe limpiarse regularmente)<\/p>\n<p style=\"text-align: left;\">Si no lo usa durante mucho tiempo (m\u00e1s de 3 d\u00edas), debe abrochar la hebilla del cartucho de tinta y guardarlo en un lugar fresco. Despu\u00e9s de cada uso, cierre la tapa de la m\u00e1quina.<\/p>","protected":false},"excerpt":{"rendered":"<div class=\"detial-cont-info\">\n<ul class=\"proddetail-style-slider-info-list fix\">\n<li>EVEBOT tiene ocho tintas: tinta amigable con la piel (roja, azul marino, negra y amarilla, adecuada para imprimir tatuajes), tinta negra normal, azul invisible (se puede ver con luz fluorescente), color caf\u00e9 de calidad alimentaria (se puede imprimir en pan , pastel, galleta, caf\u00e9 y oso por regla), estas tintas son b\u00e1sicas de agua, se pueden limpiar con agua; Tinta permanente: color negro, la tinta permanente se puede imprimir en vidrio, madera, piedra, metal, pl\u00e1stico, no se puede limpiar con agua, solo se puede limpiar con alcohol.<\/li>\n<li class=\"prod-specifics-brand\"><label>Marca:<\/label>\u00a0<em>EVEBOT<\/em><\/li>\n<\/ul>\n<\/div>","protected":false},"featured_media":2804,"comment_status":"closed","ping_status":"closed","template":"","meta":{"site-sidebar-layout":"default","site-content-layout":"default","ast-global-header-display":"","ast-banner-title-visibility":"","ast-main-header-display":"","ast-hfb-above-header-display":"","ast-hfb-below-header-display":"","ast-hfb-mobile-header-display":"","site-post-title":"","ast-breadcrumbs-content":"","ast-featured-img":"","footer-sml-layout":"","theme-transparent-header-meta":"default","adv-header-id-meta":"","stick-header-meta":"","header-above-stick-meta":"","header-main-stick-meta":"","header-below-stick-meta":""},"product_cat":[10],"product_tag":[25],"class_list":{"0":"post-2249","1":"product","2":"type-product","3":"status-publish","4":"has-post-thumbnail","6":"product_cat-cartridge","7":"product_tag-ink-cartridge-of-printpen-printpods","8":"desktop-align-center","9":"tablet-align-left","10":"mobile-align-left","11":"ast-product-gallery-layout-horizontal","12":"ast-product-single-variable","13":"ast-product-tabs-layout-horizontal","14":"ast-qv-on-image","16":"first","17":"instock","18":"sale","19":"shipping-taxable","20":"purchasable","21":"product-type-variable"},"_links":{"self":[{"href":"https:\/\/evebot-shop.com\/es\/wp-json\/wp\/v2\/product\/2249","targetHints":{"allow":["GET"]}}],"collection":[{"href":"https:\/\/evebot-shop.com\/es\/wp-json\/wp\/v2\/product"}],"about":[{"href":"https:\/\/evebot-shop.com\/es\/wp-json\/wp\/v2\/types\/product"}],"replies":[{"embeddable":true,"href":"https:\/\/evebot-shop.com\/es\/wp-json\/wp\/v2\/comments?post=2249"}],"version-history":[{"count":6,"href":"https:\/\/evebot-shop.com\/es\/wp-json\/wp\/v2\/product\/2249\/revisions"}],"predecessor-version":[{"id":2806,"href":"https:\/\/evebot-shop.com\/es\/wp-json\/wp\/v2\/product\/2249\/revisions\/2806"}],"wp:featuredmedia":[{"embeddable":true,"href":"https:\/\/evebot-shop.com\/es\/wp-json\/wp\/v2\/media\/2804"}],"wp:attachment":[{"href":"https:\/\/evebot-shop.com\/es\/wp-json\/wp\/v2\/media?parent=2249"}],"wp:term":[{"taxonomy":"product_cat","embeddable":true,"href":"https:\/\/evebot-shop.com\/es\/wp-json\/wp\/v2\/product_cat?post=2249"},{"taxonomy":"product_tag","embeddable":true,"href":"https:\/\/evebot-shop.com\/es\/wp-json\/wp\/v2\/product_tag?post=2249"}],"curies":[{"name":"wp","href":"https:\/\/api.w.org\/{rel}","templated":true}]}}