{"id":2042,"date":"2022-05-16T09:06:17","date_gmt":"2022-05-16T09:06:17","guid":{"rendered":"http:\/\/evebot-shop.com\/?page_id=2042"},"modified":"2022-08-04T04:06:35","modified_gmt":"2022-08-04T04:06:35","slug":"contact-us","status":"publish","type":"page","link":"https:\/\/evebot-shop.com\/es\/contact-us\/","title":{"rendered":"Cont\u00e1ctenos"},"content":{"rendered":"<div data-elementor-type=\"wp-page\" data-elementor-id=\"2042\" class=\"elementor elementor-2042\">\n\t\t\t\t\t\t<section class=\"elementor-section elementor-top-section elementor-element elementor-element-be3e87c elementor-section-boxed elementor-section-height-default elementor-section-height-default\" data-id=\"be3e87c\" data-element_type=\"section\" data-settings=\"{&quot;background_background&quot;:&quot;classic&quot;}\">\n\t\t\t\t\t\t<div class=\"elementor-container elementor-column-gap-default\">\n\t\t\t\t\t<div class=\"elementor-column elementor-col-100 elementor-top-column elementor-element elementor-element-558c1a7\" data-id=\"558c1a7\" data-element_type=\"column\">\n\t\t\t<div class=\"elementor-widget-wrap elementor-element-populated\">\n\t\t\t\t\t\t<div class=\"elementor-element elementor-element-34bff0c elementor-widget elementor-widget-text-editor\" data-id=\"34bff0c\" data-element_type=\"widget\" data-widget_type=\"text-editor.default\">\n\t\t\t\t<div class=\"elementor-widget-container\">\n\t\t\t\t\t\t\t\t\t<p>Gracias por su atenci\u00f3n y apoyo a evebot.<\/p><p>Por favor, si\u00e9ntase libre de contactarnos para m\u00e1s informaci\u00f3n.<\/p>\t\t\t\t\t\t\t\t<\/div>\n\t\t\t\t<\/div>\n\t\t\t\t\t<\/div>\n\t\t<\/div>\n\t\t\t\t\t<\/div>\n\t\t<\/section>\n\t\t\t\t<section class=\"elementor-section elementor-top-section elementor-element elementor-element-8ba068c elementor-section-boxed elementor-section-height-default elementor-section-height-default\" data-id=\"8ba068c\" data-element_type=\"section\">\n\t\t\t\t\t\t<div class=\"elementor-container elementor-column-gap-default\">\n\t\t\t\t\t<div class=\"elementor-column elementor-col-100 elementor-top-column elementor-element elementor-element-edabb07\" data-id=\"edabb07\" data-element_type=\"column\">\n\t\t\t<div class=\"elementor-widget-wrap elementor-element-populated\">\n\t\t\t\t\t\t<div class=\"elementor-element elementor-element-846126b elementor-widget elementor-widget-spacer\" data-id=\"846126b\" data-element_type=\"widget\" data-widget_type=\"spacer.default\">\n\t\t\t\t<div class=\"elementor-widget-container\">\n\t\t\t\t\t\t\t<div class=\"elementor-spacer\">\n\t\t\t<div class=\"elementor-spacer-inner\"><\/div>\n\t\t<\/div>\n\t\t\t\t\t\t<\/div>\n\t\t\t\t<\/div>\n\t\t\t\t\t<\/div>\n\t\t<\/div>\n\t\t\t\t\t<\/div>\n\t\t<\/section>\n\t\t\t\t<section class=\"elementor-section elementor-top-section elementor-element elementor-element-4b985c2 elementor-section-boxed elementor-section-height-default elementor-section-height-default\" data-id=\"4b985c2\" data-element_type=\"section\">\n\t\t\t\t\t\t<div class=\"elementor-container elementor-column-gap-default\">\n\t\t\t\t\t<div class=\"elementor-column elementor-col-100 elementor-top-column elementor-element elementor-element-3683265\" data-id=\"3683265\" data-element_type=\"column\">\n\t\t\t<div class=\"elementor-widget-wrap elementor-element-populated\">\n\t\t\t\t\t\t<div class=\"elementor-element elementor-element-e44a3d3 elementor-widget elementor-widget-heading\" data-id=\"e44a3d3\" data-element_type=\"widget\" data-widget_type=\"heading.default\">\n\t\t\t\t<div class=\"elementor-widget-container\">\n\t\t\t\t\t<h2 class=\"elementor-heading-title elementor-size-default\">Cont\u00e1ctenos<\/h2>\t\t\t\t<\/div>\n\t\t\t\t<\/div>\n\t\t\t\t<div class=\"elementor-element elementor-element-8563bff elementor-widget elementor-widget-text-editor\" data-id=\"8563bff\" data-element_type=\"widget\" data-widget_type=\"text-editor.default\">\n\t\t\t\t<div class=\"elementor-widget-container\">\n\t\t\t\t\t\t\t\t\t<p>Eve-Innovations es un proveedor l\u00edder de soluciones de tratamiento de superficies que hace que la tecnolog\u00eda sea divertida y simple, f\u00e1cil de usar y que crea infinitas posibilidades. Con nuestra serie Fantasia, esperamos difundir buenas vibraciones haciendo deleitar a nuestros clientes amantes del caf\u00e9 en todo el mundo.<\/p><p>Desarrollamos e innovamos constantemente productos de \u00faltima generaci\u00f3n, desde alimentos personalizados, productos \u00fanicos hasta productos industriales sorprendentes. Contamos con un excelente equipo t\u00e9cnico, que puede ser dise\u00f1ado de acuerdo a los requerimientos de los clientes.<\/p>\t\t\t\t\t\t\t\t<\/div>\n\t\t\t\t<\/div>\n\t\t\t\t\t<\/div>\n\t\t<\/div>\n\t\t\t\t\t<\/div>\n\t\t<\/section>\n\t\t\t\t<section class=\"elementor-section elementor-top-section elementor-element elementor-element-d6c926f elementor-section-boxed elementor-section-height-default elementor-section-height-default\" data-id=\"d6c926f\" data-element_type=\"section\">\n\t\t\t\t\t\t<div class=\"elementor-container elementor-column-gap-default\">\n\t\t\t\t\t<div class=\"elementor-column elementor-col-50 elementor-top-column elementor-element elementor-element-add2021\" data-id=\"add2021\" data-element_type=\"column\">\n\t\t\t<div class=\"elementor-widget-wrap elementor-element-populated\">\n\t\t\t\t\t\t<div class=\"elementor-element elementor-element-2c3f8f7 elementor-widget elementor-widget-image\" data-id=\"2c3f8f7\" data-element_type=\"widget\" data-widget_type=\"image.default\">\n\t\t\t\t<div class=\"elementor-widget-container\">\n\t\t\t\t\t\t\t\t\t\t\t\t\t\t\t<img fetchpriority=\"high\" decoding=\"async\" width=\"601\" height=\"556\" src=\"https:\/\/evebot-shop.com\/wp-content\/uploads\/2022\/05\/\u53f3\u7bad\u59342.jpg\" class=\"attachment-large size-large wp-image-2049\" alt=\"\" srcset=\"https:\/\/evebot-shop.com\/wp-content\/uploads\/2022\/05\/\u53f3\u7bad\u59342.jpg 601w, https:\/\/evebot-shop.com\/wp-content\/uploads\/2022\/05\/\u53f3\u7bad\u59342-300x278.jpg 300w, https:\/\/evebot-shop.com\/wp-content\/uploads\/2022\/05\/\u53f3\u7bad\u59342-13x12.jpg 13w\" sizes=\"(max-width: 601px) 100vw, 601px\" \/>\t\t\t\t\t\t\t\t\t\t\t\t\t\t\t<\/div>\n\t\t\t\t<\/div>\n\t\t\t\t\t<\/div>\n\t\t<\/div>\n\t\t\t\t<div class=\"elementor-column elementor-col-50 elementor-top-column elementor-element elementor-element-5b714a4\" data-id=\"5b714a4\" data-element_type=\"column\">\n\t\t\t<div class=\"elementor-widget-wrap elementor-element-populated\">\n\t\t\t\t\t\t<div class=\"elementor-element elementor-element-26f9c5b elementor-widget elementor-widget-image\" data-id=\"26f9c5b\" data-element_type=\"widget\" data-widget_type=\"image.default\">\n\t\t\t\t<div class=\"elementor-widget-container\">\n\t\t\t\t\t\t\t\t\t\t\t\t\t\t\t<img decoding=\"async\" width=\"585\" height=\"271\" src=\"https:\/\/evebot-shop.com\/wp-content\/uploads\/2022\/05\/\u53f3\u7bad\u5934-\u62f7\u8d1d.jpg\" class=\"attachment-large size-large wp-image-2050\" alt=\"\" srcset=\"https:\/\/evebot-shop.com\/wp-content\/uploads\/2022\/05\/\u53f3\u7bad\u5934-\u62f7\u8d1d.jpg 585w, https:\/\/evebot-shop.com\/wp-content\/uploads\/2022\/05\/\u53f3\u7bad\u5934-\u62f7\u8d1d-300x139.jpg 300w, https:\/\/evebot-shop.com\/wp-content\/uploads\/2022\/05\/\u53f3\u7bad\u5934-\u62f7\u8d1d-18x8.jpg 18w\" sizes=\"(max-width: 585px) 100vw, 585px\" \/>\t\t\t\t\t\t\t\t\t\t\t\t\t\t\t<\/div>\n\t\t\t\t<\/div>\n\t\t\t\t<div class=\"elementor-element elementor-element-aaf838c elementor-widget elementor-widget-image\" data-id=\"aaf838c\" data-element_type=\"widget\" data-widget_type=\"image.default\">\n\t\t\t\t<div class=\"elementor-widget-container\">\n\t\t\t\t\t\t\t\t\t\t\t\t\t\t\t<img decoding=\"async\" width=\"585\" height=\"271\" src=\"https:\/\/evebot-shop.com\/wp-content\/uploads\/2022\/05\/\u53f3\u7bad\u5934-\u62f7\u8d1d-21.jpg\" class=\"attachment-large size-large wp-image-2051\" alt=\"\" srcset=\"https:\/\/evebot-shop.com\/wp-content\/uploads\/2022\/05\/\u53f3\u7bad\u5934-\u62f7\u8d1d-21.jpg 585w, https:\/\/evebot-shop.com\/wp-content\/uploads\/2022\/05\/\u53f3\u7bad\u5934-\u62f7\u8d1d-21-300x139.jpg 300w, https:\/\/evebot-shop.com\/wp-content\/uploads\/2022\/05\/\u53f3\u7bad\u5934-\u62f7\u8d1d-21-18x8.jpg 18w\" sizes=\"(max-width: 585px) 100vw, 585px\" \/>\t\t\t\t\t\t\t\t\t\t\t\t\t\t\t<\/div>\n\t\t\t\t<\/div>\n\t\t\t\t\t<\/div>\n\t\t<\/div>\n\t\t\t\t\t<\/div>\n\t\t<\/section>\n\t\t\t\t<section class=\"elementor-section elementor-top-section elementor-element elementor-element-0b76b60 elementor-section-boxed elementor-section-height-default elementor-section-height-default\" data-id=\"0b76b60\" data-element_type=\"section\">\n\t\t\t\t\t\t<div class=\"elementor-container elementor-column-gap-default\">\n\t\t\t\t\t<div class=\"elementor-column elementor-col-100 elementor-top-column elementor-element elementor-element-10038d8\" data-id=\"10038d8\" data-element_type=\"column\">\n\t\t\t<div class=\"elementor-widget-wrap elementor-element-populated\">\n\t\t\t\t\t\t<div class=\"elementor-element elementor-element-bea1dae elementor-widget elementor-widget-spacer\" data-id=\"bea1dae\" data-element_type=\"widget\" data-widget_type=\"spacer.default\">\n\t\t\t\t<div class=\"elementor-widget-container\">\n\t\t\t\t\t\t\t<div class=\"elementor-spacer\">\n\t\t\t<div class=\"elementor-spacer-inner\"><\/div>\n\t\t<\/div>\n\t\t\t\t\t\t<\/div>\n\t\t\t\t<\/div>\n\t\t\t\t\t<\/div>\n\t\t<\/div>\n\t\t\t\t\t<\/div>\n\t\t<\/section>\n\t\t\t\t<section class=\"elementor-section elementor-top-section elementor-element elementor-element-d9cb64d elementor-section-boxed elementor-section-height-default elementor-section-height-default\" data-id=\"d9cb64d\" data-element_type=\"section\">\n\t\t\t\t\t\t<div class=\"elementor-container elementor-column-gap-default\">\n\t\t\t\t\t<div class=\"elementor-column elementor-col-100 elementor-top-column elementor-element elementor-element-edd1ff1\" data-id=\"edd1ff1\" data-element_type=\"column\">\n\t\t\t<div class=\"elementor-widget-wrap elementor-element-populated\">\n\t\t\t\t\t\t<div class=\"elementor-element elementor-element-4b656d6 elementor-widget elementor-widget-heading\" data-id=\"4b656d6\" data-element_type=\"widget\" data-widget_type=\"heading.default\">\n\t\t\t\t<div class=\"elementor-widget-container\">\n\t\t\t\t\t<h2 class=\"elementor-heading-title elementor-size-default\">Mensaje en l\u00ednea  <\/h2>\t\t\t\t<\/div>\n\t\t\t\t<\/div>\n\t\t\t\t<div class=\"elementor-element elementor-element-48e33e9 elementor-widget elementor-widget-text-editor\" data-id=\"48e33e9\" data-element_type=\"widget\" data-widget_type=\"text-editor.default\">\n\t\t\t\t<div class=\"elementor-widget-container\">\n\t\t\t\t\t\t\t\t\t<p>Si tiene alguna sugerencia o pregunta para nosotros, cont\u00e1ctenos.<\/p>\t\t\t\t\t\t\t\t<\/div>\n\t\t\t\t<\/div>\n\t\t\t\t\t<\/div>\n\t\t<\/div>\n\t\t\t\t\t<\/div>\n\t\t<\/section>\n\t\t\t\t<section class=\"elementor-section elementor-top-section elementor-element elementor-element-fb72d40 elementor-section-boxed elementor-section-height-default elementor-section-height-default\" data-id=\"fb72d40\" data-element_type=\"section\">\n\t\t\t\t\t\t<div class=\"elementor-container elementor-column-gap-default\">\n\t\t\t\t\t<div class=\"elementor-column elementor-col-50 elementor-top-column elementor-element elementor-element-5e9b195\" data-id=\"5e9b195\" data-element_type=\"column\">\n\t\t\t<div class=\"elementor-widget-wrap elementor-element-populated\">\n\t\t\t\t\t\t<div class=\"elementor-element elementor-element-874e3c6 elementor-widget elementor-widget-google_maps\" data-id=\"874e3c6\" data-element_type=\"widget\" data-widget_type=\"google_maps.default\">\n\t\t\t\t<div class=\"elementor-widget-container\">\n\t\t\t\t\t\t\t<div class=\"elementor-custom-embed\">\n\t\t\t<iframe loading=\"lazy\"\n\t\t\t\t\tsrc=\"https:\/\/maps.google.com\/maps?q=nanshan%20shenzhen&#038;t=m&#038;z=10&#038;output=embed&#038;iwloc=near\"\n\t\t\t\t\ttitle=\"nanshan shenzhen\"\n\t\t\t\t\taria-label=\"nanshan shenzhen\"\n\t\t\t><\/iframe>\n\t\t<\/div>\n\t\t\t\t\t\t<\/div>\n\t\t\t\t<\/div>\n\t\t\t\t\t<\/div>\n\t\t<\/div>\n\t\t\t\t<div class=\"elementor-column elementor-col-50 elementor-top-column elementor-element elementor-element-a9045a1\" data-id=\"a9045a1\" data-element_type=\"column\">\n\t\t\t<div class=\"elementor-widget-wrap elementor-element-populated\">\n\t\t\t\t\t\t<div class=\"elementor-element elementor-element-779a235 elementor-widget elementor-widget-wpforms\" data-id=\"779a235\" data-element_type=\"widget\" data-widget_type=\"wpforms.default\">\n\t\t\t\t<div class=\"elementor-widget-container\">\n\t\t\t\t\t<div class=\"wpforms-container\" id=\"wpforms-2000\"><form id=\"wpforms-form-2000\" class=\"wpforms-validate wpforms-form\" data-formid=\"2000\" method=\"post\" enctype=\"multipart\/form-data\" action=\"\/es\/wp-json\/wp\/v2\/pages\/2042\" data-token=\"aebd0b3de5906d00668c207324b2fd12\" data-token-time=\"1777191999\" data-trp-original-action=\"\/es\/wp-json\/wp\/v2\/pages\/2042\"><noscript class=\"wpforms-error-noscript\">Por favor, activa JavaScript en tu navegador para completar este formulario.<\/noscript><div class=\"wpforms-field-container\"><div id=\"wpforms-2000-field_0-container\" class=\"wpforms-field wpforms-field-name\" data-field-id=\"0\"><label class=\"wpforms-field-label\">Nombre <span class=\"wpforms-required-label\">*<\/span><\/label><div class=\"wpforms-field-row wpforms-field-medium\"><div class=\"wpforms-field-row-block wpforms-first wpforms-one-half\"><input type=\"text\" id=\"wpforms-2000-field_0\" class=\"wpforms-field-name-first wpforms-field-required\" name=\"wpforms[fields][0][first]\" required><label for=\"wpforms-2000-field_0\" class=\"wpforms-field-sublabel after\">Nombre<\/label><\/div><div class=\"wpforms-field-row-block wpforms-one-half\"><input type=\"text\" id=\"wpforms-2000-field_0-last\" class=\"wpforms-field-name-last wpforms-field-required\" name=\"wpforms[fields][0][last]\" required><label for=\"wpforms-2000-field_0-last\" class=\"wpforms-field-sublabel after\">Apellidos<\/label><\/div><\/div><\/div><div id=\"wpforms-2000-field_1-container\" class=\"wpforms-field wpforms-field-email\" data-field-id=\"1\"><label class=\"wpforms-field-label\" for=\"wpforms-2000-field_1\">Correo electr\u00f3nico <span class=\"wpforms-required-label\">*<\/span><\/label><input type=\"email\" id=\"wpforms-2000-field_1\" class=\"wpforms-field-medium wpforms-field-required\" name=\"wpforms[fields][1]\" spellcheck=\"false\" required><\/div><div id=\"wpforms-2000-field_2-container\" class=\"wpforms-field wpforms-field-textarea\" data-field-id=\"2\"><label class=\"wpforms-field-label\" for=\"wpforms-2000-field_2\">Comentar o Mensaje <span class=\"wpforms-required-label\">*<\/span><\/label><textarea id=\"wpforms-2000-field_2\" class=\"wpforms-field-medium wpforms-field-required\" name=\"wpforms[fields][2]\" required><\/textarea><\/div><\/div><!-- .wpforms-field-container --><div class=\"wpforms-field wpforms-field-hp\"><label for=\"wpforms-2000-field-hp\" class=\"wpforms-field-label\">Sitio web<\/label><input type=\"text\" name=\"wpforms[hp]\" id=\"wpforms-2000-field-hp\" class=\"wpforms-field-medium\"><\/div><div class=\"wpforms-submit-container\" ><input type=\"hidden\" name=\"wpforms[id]\" value=\"2000\"><input type=\"hidden\" name=\"page_title\" value=\"\"><input type=\"hidden\" name=\"page_url\" value=\"https:\/\/evebot-shop.com\/es\/wp-json\/wp\/v2\/pages\/2042\"><input type=\"hidden\" name=\"url_referer\" value=\"\"><button type=\"submit\" name=\"wpforms[submit]\" id=\"wpforms-submit-2000\" class=\"wpforms-submit\" data-alt-text=\"Sending...\" data-submit-text=\"Submit\" aria-live=\"assertive\" value=\"wpforms-submit\">Entregar<\/button><\/div><input type=\"hidden\" name=\"trp-form-language\" value=\"es\"\/><\/form><\/div>  <!-- .wpforms-container -->\t\t\t\t<\/div>\n\t\t\t\t<\/div>\n\t\t\t\t\t<\/div>\n\t\t<\/div>\n\t\t\t\t\t<\/div>\n\t\t<\/section>\n\t\t\t\t<section class=\"elementor-section elementor-top-section elementor-element elementor-element-537267f elementor-section-boxed elementor-section-height-default elementor-section-height-default\" data-id=\"537267f\" data-element_type=\"section\">\n\t\t\t\t\t\t<div class=\"elementor-container elementor-column-gap-default\">\n\t\t\t\t\t<div class=\"elementor-column elementor-col-100 elementor-top-column elementor-element elementor-element-e174b3e\" data-id=\"e174b3e\" data-element_type=\"column\">\n\t\t\t<div class=\"elementor-widget-wrap elementor-element-populated\">\n\t\t\t\t\t\t<div class=\"elementor-element elementor-element-7094a0d elementor-widget elementor-widget-spacer\" data-id=\"7094a0d\" data-element_type=\"widget\" data-widget_type=\"spacer.default\">\n\t\t\t\t<div class=\"elementor-widget-container\">\n\t\t\t\t\t\t\t<div class=\"elementor-spacer\">\n\t\t\t<div class=\"elementor-spacer-inner\"><\/div>\n\t\t<\/div>\n\t\t\t\t\t\t<\/div>\n\t\t\t\t<\/div>\n\t\t\t\t\t<\/div>\n\t\t<\/div>\n\t\t\t\t\t<\/div>\n\t\t<\/section>\n\t\t\t\t<\/div>","protected":false},"excerpt":{"rendered":"<p>Thank you for your attention and support to evebot. Please feel free to contact us for more information. Contact us Eve-Innovations is a leading surface treatment solution provider that makes technology fun and simple, easy to use and creating endless possibilities. With our Fantasia series, we are looking forward to spreading good vibes by making &hellip;<\/p>\n<p class=\"read-more\"> <a class=\"\" href=\"https:\/\/evebot-shop.com\/es\/contact-us\/\"> <span class=\"screen-reader-text\">Cont\u00e1ctenos<\/span> Leer m\u00e1s &raquo;<\/a><\/p>","protected":false},"author":1,"featured_media":0,"parent":0,"menu_order":0,"comment_status":"closed","ping_status":"closed","template":"page-templates\/template-pagebuilder-full-width.php","meta":{"site-sidebar-layout":"default","site-content-layout":"default","ast-global-header-display":"","ast-banner-title-visibility":"","ast-main-header-display":"","ast-hfb-above-header-display":"","ast-hfb-below-header-display":"","ast-hfb-mobile-header-display":"","site-post-title":"","ast-breadcrumbs-content":"","ast-featured-img":"","footer-sml-layout":"","theme-transparent-header-meta":"","adv-header-id-meta":"","stick-header-meta":"","header-above-stick-meta":"","header-main-stick-meta":"","header-below-stick-meta":"","footnotes":""},"class_list":["post-2042","page","type-page","status-publish","hentry"],"_links":{"self":[{"href":"https:\/\/evebot-shop.com\/es\/wp-json\/wp\/v2\/pages\/2042","targetHints":{"allow":["GET"]}}],"collection":[{"href":"https:\/\/evebot-shop.com\/es\/wp-json\/wp\/v2\/pages"}],"about":[{"href":"https:\/\/evebot-shop.com\/es\/wp-json\/wp\/v2\/types\/page"}],"author":[{"embeddable":true,"href":"https:\/\/evebot-shop.com\/es\/wp-json\/wp\/v2\/users\/1"}],"replies":[{"embeddable":true,"href":"https:\/\/evebot-shop.com\/es\/wp-json\/wp\/v2\/comments?post=2042"}],"version-history":[{"count":55,"href":"https:\/\/evebot-shop.com\/es\/wp-json\/wp\/v2\/pages\/2042\/revisions"}],"predecessor-version":[{"id":2658,"href":"https:\/\/evebot-shop.com\/es\/wp-json\/wp\/v2\/pages\/2042\/revisions\/2658"}],"wp:attachment":[{"href":"https:\/\/evebot-shop.com\/es\/wp-json\/wp\/v2\/media?parent=2042"}],"curies":[{"name":"wp","href":"https:\/\/api.w.org\/{rel}","templated":true}]}}