{"id":2813,"date":"2023-06-25T06:34:14","date_gmt":"2023-06-25T06:34:14","guid":{"rendered":"http:\/\/evebot-shop.com\/?post_type=product&#038;p=2813"},"modified":"2025-05-25T07:44:39","modified_gmt":"2025-05-25T07:44:39","slug":"evebot-handheld-printer-edible-ink-cartridge","status":"publish","type":"product","link":"https:\/\/evebot-shop.com\/de\/product\/evebot-handheld-printer-edible-ink-cartridge\/","title":{"rendered":"Essbare Tintenpatrone f\u00fcr Evebot-Handdrucker"},"content":{"rendered":"<h3><strong>Umweltfreundliche und essbare Tinte<\/strong><\/h3>\n<p>Die in Druckern \u00fcblicherweise verwendete Tinte ist HP-Tinte.<br data-filtered=\"filtered\" \/>Es war f\u00fcr uns einfach, damit zu entwickeln, aber wir haben uns f\u00fcr \u201e\u00d6ko\u201c entschieden, weil wir an Umweltthemen wie der \u201eglobalen Erw\u00e4rmung\u201c interessiert waren.<br data-filtered=\"filtered\" \/>Essbare Tinte ist eine umweltfreundliche Tinte, die von der US-amerikanischen und europ\u00e4ischen FDA (Food and Drug Administration) zugelassen ist.<br data-filtered=\"filtered\" \/>Es handelt sich um ein essbares Produkt auf Basis essbarer Tinte, das von Kindern ber\u00fchrt werden kann.<br data-filtered=\"filtered\" \/>Hinweis: Mit Ausnahme von Standardtinten und unsichtbaren Tinten.<\/p>\n<h3><strong>FAQ<\/strong><\/h3>\n<p>Q1. Wie pflege und reinige ich die Tintenpatronen?<\/p>\n<p>Um das Drucken wei\u00dfer Linien zu verhindern, wird empfohlen, die D\u00fcsen der Tintenpatronen vor jedem Gebrauch mit einem Papiertuch abzuwischen und zu reinigen (da die D\u00fcsen unserer Tintenpatronen \u00fcber 308 Rohre verf\u00fcgen, ist jede \u00d6ffnung nur etwa ein Drittel gro\u00df). (Gr\u00f6\u00dfe eines Haares, und die D\u00fcsen sind direkt nach au\u00dfen gerichtet, sodass Staub sehr leicht die D\u00fcse verstopfen kann und regelm\u00e4\u00dfig gereinigt werden muss.)<\/p>\n<p>Wenn Sie es l\u00e4ngere Zeit (mehr als 3 Tage) nicht verwenden, m\u00fcssen Sie die Tintenpatronenschnalle anschnallen und sie an einem k\u00fchlen Ort aufbewahren. Schlie\u00dfen Sie nach jedem Gebrauch die Abdeckung der Maschine.<\/p>\n<p>Q2. Wie lange kann eine Tintenpatrone drucken?<br data-filtered=\"filtered\" \/><br data-filtered=\"filtered\" \/>Eine Tintenpatrone enth\u00e4lt 20 ml Tinte, und beim Standarddruck betr\u00e4gt die druckbare L\u00e4nge etwa 200 Meter und die H\u00e4ufigkeit betr\u00e4gt etwa 3500 Mal. (Standarddruck: Ein Bild mit einer Gr\u00f6\u00dfe von 26 * 100 mm wird gedruckt und der gedruckte Teil belegt 40%)<\/p>\n<p><img decoding=\"async\" src=\"https:\/\/cdn.shopify.com\/s\/files\/1\/0246\/6745\/5535\/files\/printpatternsize_600x600.png?v=1669955305\" alt=\"\" \/><br data-filtered=\"filtered\" \/><br data-filtered=\"filtered\" \/>Q3. Was ist die maximal bedruckbare Breite?<br data-filtered=\"filtered\" \/><br data-filtered=\"filtered\" \/>Die maximale Breite, die der EVEBOT-Druckstift drucken kann, betr\u00e4gt 26 mm. Dies ist die maximale Breite, die bisher von einem tragbaren Drucker gedruckt werden kann.<br data-filtered=\"filtered\" \/><br data-filtered=\"filtered\" \/>Q4. Lagerdauer der Tintenpatrone<br data-filtered=\"filtered\" \/><br data-filtered=\"filtered\" \/>Unge\u00f6ffnete Tintenpatronen sind ein Jahr haltbar, ge\u00f6ffnete ein halbes Jahr. Wenn Sie die Verpackung nach dem \u00d6ffnen verwenden, achten Sie darauf, die Schutzh\u00fclle zu schlie\u00dfen, um zu verhindern, dass die Tinte in der D\u00fcse austrocknet und verstopft.<br data-filtered=\"filtered\" \/><br data-filtered=\"filtered\" \/>F5. Wie lange h\u00e4lt der auf das Objekt gedruckte Text oder das Logo?<br data-filtered=\"filtered\" \/><br data-filtered=\"filtered\" \/>Die mitgelieferte Standardtinte l\u00f6st sich beim Waschen mit Wasser. Wenn es nicht gewaschen wird, ist der Druck auf Materialien wie Papier und Holz semipermanent und der Druck auf der Haut h\u00e4lt etwa einen Tag. (Wenn Sie viel Schwei\u00df bekommen, kann dieser schnell verschwinden.)<br data-filtered=\"filtered\" \/><br data-filtered=\"filtered\" \/>* Permanenttinte befindet sich noch in der Optimierungsphase und ist noch nicht auf dem Markt.<br data-filtered=\"filtered\" \/><br data-filtered=\"filtered\" \/>F6. Ist es einfach, die Tintenpatrone auszutauschen?<br data-filtered=\"filtered\" \/><br data-filtered=\"filtered\" \/>Die Tintenpatronen lassen sich leicht austauschen und zur Aufbewahrung der Tintenpatronen verf\u00fcgt jede Tintenpatrone \u00fcber eine Schutzh\u00fclle. Wenn Sie also eine neue Tintenpatrone verwenden, schlie\u00dfen Sie einfach die Schutzh\u00fclle der vorherigen Tintenpatrone.<br data-filtered=\"filtered\" \/><br data-filtered=\"filtered\" \/>F7. M\u00f6chten Sie es automatisch ausschalten, wenn Sie es starten, wenn Sie es nicht verwenden?<br data-filtered=\"filtered\" \/><br data-filtered=\"filtered\" \/>Wenn 30 Minuten lang keine Bedienung erfolgt, wird der Strom automatisch ausgeschaltet.<br data-filtered=\"filtered\" \/><br data-filtered=\"filtered\" \/>F8. Gibt es keine Vollfarbe?<br data-filtered=\"filtered\" \/><br data-filtered=\"filtered\" \/>Vollfarbe befindet sich derzeit in der Entwicklung.<\/p>\n<p>F9. Verf\u00fcgt die Tinte \u00fcber eine Lebensmittelsicherheitszertifizierung?<\/p>\n<p>Unsere Tinten sind FDA-zertifiziert, sodass Sie sie bedenkenlos verwenden k\u00f6nnen. Vegetarier und koschere Lebensmittel sind ebenfalls unbedenklich.<\/p>","protected":false},"excerpt":{"rendered":"<p>Environmentally safe and edible ink The ink commonly used in printers is HP ink.It was easy for us to develop using this, but we chose &#8220;eco&#8221; because we were interested in environmental issues such as &#8220;global warming&#8221;.Edible ink is an environmentally friendly ink approved by the US and European FDA (Food and Drug Administration).It is &hellip;<\/p>\n<p class=\"read-more\"> <a class=\"\" href=\"https:\/\/evebot-shop.com\/de\/product\/evebot-handheld-printer-edible-ink-cartridge\/\"> <span class=\"screen-reader-text\">Essbare Tintenpatrone f\u00fcr Evebot-Handdrucker<\/span> Weiterlesen &raquo;<\/a><\/p>","protected":false},"featured_media":2823,"comment_status":"open","ping_status":"closed","template":"","meta":{"site-sidebar-layout":"default","site-content-layout":"default","ast-global-header-display":"","ast-banner-title-visibility":"","ast-main-header-display":"","ast-hfb-above-header-display":"","ast-hfb-below-header-display":"","ast-hfb-mobile-header-display":"","site-post-title":"","ast-breadcrumbs-content":"","ast-featured-img":"","footer-sml-layout":"","theme-transparent-header-meta":"default","adv-header-id-meta":"","stick-header-meta":"","header-above-stick-meta":"","header-main-stick-meta":"","header-below-stick-meta":""},"product_cat":[10],"product_tag":[25],"class_list":{"0":"post-2813","1":"product","2":"type-product","3":"status-publish","4":"has-post-thumbnail","6":"product_cat-cartridge","7":"product_tag-ink-cartridge-of-printpen-printpods","8":"desktop-align-center","9":"tablet-align-left","10":"mobile-align-left","11":"ast-product-gallery-layout-horizontal","12":"ast-product-single-variable","13":"ast-product-tabs-layout-horizontal","14":"ast-qv-on-image","16":"first","17":"instock","18":"sale","19":"shipping-taxable","20":"purchasable","21":"product-type-variable"},"_links":{"self":[{"href":"https:\/\/evebot-shop.com\/de\/wp-json\/wp\/v2\/product\/2813","targetHints":{"allow":["GET"]}}],"collection":[{"href":"https:\/\/evebot-shop.com\/de\/wp-json\/wp\/v2\/product"}],"about":[{"href":"https:\/\/evebot-shop.com\/de\/wp-json\/wp\/v2\/types\/product"}],"replies":[{"embeddable":true,"href":"https:\/\/evebot-shop.com\/de\/wp-json\/wp\/v2\/comments?post=2813"}],"version-history":[{"count":2,"href":"https:\/\/evebot-shop.com\/de\/wp-json\/wp\/v2\/product\/2813\/revisions"}],"predecessor-version":[{"id":2830,"href":"https:\/\/evebot-shop.com\/de\/wp-json\/wp\/v2\/product\/2813\/revisions\/2830"}],"wp:featuredmedia":[{"embeddable":true,"href":"https:\/\/evebot-shop.com\/de\/wp-json\/wp\/v2\/media\/2823"}],"wp:attachment":[{"href":"https:\/\/evebot-shop.com\/de\/wp-json\/wp\/v2\/media?parent=2813"}],"wp:term":[{"taxonomy":"product_cat","embeddable":true,"href":"https:\/\/evebot-shop.com\/de\/wp-json\/wp\/v2\/product_cat?post=2813"},{"taxonomy":"product_tag","embeddable":true,"href":"https:\/\/evebot-shop.com\/de\/wp-json\/wp\/v2\/product_tag?post=2813"}],"curies":[{"name":"wp","href":"https:\/\/api.w.org\/{rel}","templated":true}]}}