{"id":2280,"date":"2022-05-18T06:07:30","date_gmt":"2022-05-18T06:07:30","guid":{"rendered":"http:\/\/evebot-shop.com\/?post_type=product&#038;p=2280"},"modified":"2023-06-25T09:13:30","modified_gmt":"2023-06-25T09:13:30","slug":"coffee-printer-eb-ft4","status":"publish","type":"product","link":"https:\/\/evebot-shop.com\/de\/product\/coffee-printer-eb-ft4\/","title":{"rendered":"Kaffeedrucker EB-FT4"},"content":{"rendered":"<div class=\"ast-oembed-container\" style=\"height: 100%;\"><iframe title=\"Fantasie, kreiere Fantasie in deiner Tasse!\" width=\"500\" height=\"281\" src=\"https:\/\/www.youtube.com\/embed\/BwwKfQai2QA?feature=oembed\" frameborder=\"0\" allow=\"accelerometer; autoplay; clipboard-write; encrypted-media; gyroscope; picture-in-picture; web-share\" referrerpolicy=\"strict-origin-when-cross-origin\" allowfullscreen><\/iframe><\/div>\n<p style=\"text-align: center;\"><strong>\u00dcberblick<\/strong><\/p>\n<p style=\"text-align: center;\"><strong>Schnelle Details<\/strong><\/p>\n<p>&nbsp;<\/p>\n<div class=\"sliderTable mt10 mb10 sliderTable-index0\">\n<div class=\"inner\">\n<table style=\"height: 483px;\" width=\"1059\" align=\"center\">\n<tbody>\n<tr class=\"firstRow\">\n<td valign=\"top\" width=\"140\">Druckgr\u00f6\u00dfe:<\/td>\n<td valign=\"top\" width=\"351\">4 \u2013 10 cm<\/td>\n<td valign=\"top\" width=\"81\">Farbe &amp; Seite:<\/td>\n<td valign=\"top\" width=\"310\">Einfarbig (Braun\/Gr\u00fcn\/Golden)<\/td>\n<\/tr>\n<tr>\n<td valign=\"top\" width=\"140\">Typ:<\/td>\n<td valign=\"top\" width=\"351\">Tintenstrahldrucker<\/td>\n<td valign=\"top\" width=\"81\">Anwendbare Branchen:<\/td>\n<td valign=\"top\" width=\"310\">Hotels, Restaurants, Heimgebrauch, Einzelhandel, Lebensmittelgesch\u00e4fte, Druckereien, Lebensmittel- und Getr\u00e4nkegesch\u00e4fte<\/td>\n<\/tr>\n<tr>\n<td valign=\"top\" width=\"140\">Zustand:<\/td>\n<td valign=\"top\" width=\"351\">Neu<\/td>\n<td valign=\"top\" width=\"81\">Plattentyp:<\/td>\n<td valign=\"top\" width=\"310\">Flachbettdrucker<\/td>\n<\/tr>\n<tr>\n<td valign=\"top\" width=\"140\">Herkunftsort:<\/td>\n<td valign=\"top\" width=\"351\">Guangdong, China<\/td>\n<td valign=\"top\" width=\"81\">Markenname:<\/td>\n<td valign=\"top\" width=\"310\">EVEBOT<\/td>\n<\/tr>\n<tr>\n<td valign=\"top\" width=\"140\">Verwendung:<\/td>\n<td valign=\"top\" width=\"351\">Kaffeedrucker<\/td>\n<td valign=\"top\" width=\"81\">Automatische Note:<\/td>\n<td valign=\"top\" width=\"310\">Automatisch<\/td>\n<\/tr>\n<tr>\n<td valign=\"top\" width=\"140\">Stromspannung:<\/td>\n<td valign=\"top\" width=\"351\">220V<\/td>\n<td valign=\"top\" width=\"81\">Abmessungen (L*B*H):<\/td>\n<td valign=\"top\" width=\"310\">27*34*41CM<\/td>\n<\/tr>\n<tr>\n<td valign=\"top\" width=\"140\">Aufl\u00f6sung:<\/td>\n<td valign=\"top\" width=\"351\">200 DPI<\/td>\n<td valign=\"top\" width=\"81\">Zertifizierung:<\/td>\n<td valign=\"top\" width=\"310\">SGS, UL, FCC, CE, FDA, RoHs<\/td>\n<\/tr>\n<tr>\n<td valign=\"top\" width=\"140\">Kundendienst:<\/td>\n<td valign=\"top\" width=\"351\">Online-Support, technischer Video-Support<\/td>\n<td valign=\"top\" width=\"81\">Garantie:<\/td>\n<td valign=\"top\" width=\"310\">1 Jahr<\/td>\n<\/tr>\n<tr>\n<td valign=\"top\" width=\"140\">Tintentyp:<\/td>\n<td valign=\"top\" width=\"351\">Essbare Tinte<\/td>\n<td valign=\"top\" width=\"81\">Laufleistung:<\/td>\n<td valign=\"top\" width=\"310\">15 W<\/td>\n<\/tr>\n<tr>\n<td valign=\"top\" width=\"140\">Maschinenfarbe:<\/td>\n<td valign=\"top\" width=\"351\">Schwarz-Weiss<\/td>\n<td valign=\"top\" width=\"81\">Anwendung:<\/td>\n<td valign=\"top\" width=\"310\">Milch, Tee, Kaffee, Kuchen, Geb\u00e4ck<\/td>\n<\/tr>\n<tr>\n<td colspan=\"1\" rowspan=\"1\" valign=\"top\" width=\"140\">Bruttogewicht:<\/td>\n<td colspan=\"1\" rowspan=\"1\" valign=\"top\" width=\"351\">14 kg<\/td>\n<td colspan=\"1\" rowspan=\"1\" valign=\"top\" width=\"81\">Tassenh\u00f6he:<\/td>\n<td colspan=\"1\" rowspan=\"1\" valign=\"top\" width=\"310\">5cm~18cm<\/td>\n<\/tr>\n<tr>\n<td colspan=\"1\" rowspan=\"1\" valign=\"top\" width=\"140\">Nettogewicht:<\/td>\n<td colspan=\"1\" rowspan=\"1\" valign=\"top\" width=\"351\">12 kg<\/td>\n<td colspan=\"1\" rowspan=\"1\" valign=\"top\" width=\"81\">K\u00f6rpermaterial:<\/td>\n<td colspan=\"1\" rowspan=\"1\" valign=\"top\" width=\"310\">Metall<\/td>\n<\/tr>\n<tr>\n<td colspan=\"1\" rowspan=\"1\" valign=\"top\" width=\"140\"><\/td>\n<td colspan=\"1\" rowspan=\"1\" valign=\"top\" width=\"351\"><\/td>\n<td colspan=\"1\" rowspan=\"1\" valign=\"top\" width=\"81\"><\/td>\n<td colspan=\"1\" rowspan=\"1\" valign=\"top\" width=\"310\"><\/td>\n<\/tr>\n<\/tbody>\n<\/table>\n<p style=\"text-align: center;\">Verpackung &amp; Lieferung<\/p>\n<p style=\"text-align: center;\">Verkaufseinheiten: Einzelartikel<\/p>\n<p style=\"text-align: center;\">Einzelverpackungsgr\u00f6\u00dfe: 56 x 42 x 38 cm<\/p>\n<p style=\"text-align: center;\">Einzelbruttogewicht: 14 kg<\/p>\n<p style=\"text-align: center;\">Verpackungsart: Kartonverpackung<\/p>\n<p style=\"text-align: center;\">\u00a0Vorlaufzeit :<\/p>\n<div class=\"sliderTable mt10 mb10 sliderTable-index1\">\n<div class=\"inner\" style=\"text-align: center;\">\n<table align=\"center\">\n<tbody>\n<tr class=\"firstRow\">\n<td class=\"selectTdClass\" valign=\"top\" width=\"158\">Menge (St\u00fcck)<\/td>\n<td class=\"selectTdClass\" valign=\"top\" width=\"158\">1-10<\/td>\n<td class=\"selectTdClass\" valign=\"top\" width=\"158\">11-50<\/td>\n<td class=\"selectTdClass\" valign=\"top\" width=\"158\">51-100<\/td>\n<td class=\"selectTdClass\" valign=\"top\" width=\"158\">&gt;100<\/td>\n<\/tr>\n<tr>\n<td class=\"selectTdClass\" valign=\"top\" width=\"158\">Gesch\u00e4tzte Zeit (Tage)<\/td>\n<td class=\"selectTdClass\" valign=\"top\" width=\"158\">7<\/td>\n<td class=\"selectTdClass\" valign=\"top\" width=\"158\">10<\/td>\n<td class=\"selectTdClass\" valign=\"top\" width=\"158\">15<\/td>\n<td class=\"selectTdClass\" valign=\"top\" width=\"158\">Zu verhandeln<\/td>\n<\/tr>\n<\/tbody>\n<\/table>\n<figure id=\"attachment_2282\" aria-describedby=\"caption-attachment-2282\" style=\"width: 750px\" class=\"wp-caption aligncenter\"><img fetchpriority=\"high\" decoding=\"async\" class=\"wp-image-2282 size-full\" src=\"http:\/\/evebot-shop.com\/wp-content\/uploads\/2022\/05\/Coffee-printer1.webp\" alt=\"coffee printer\" width=\"750\" height=\"2517\" srcset=\"https:\/\/evebot-shop.com\/wp-content\/uploads\/2022\/05\/Coffee-printer1.webp 750w, https:\/\/evebot-shop.com\/wp-content\/uploads\/2022\/05\/Coffee-printer1-89x300.webp 89w, https:\/\/evebot-shop.com\/wp-content\/uploads\/2022\/05\/Coffee-printer1-305x1024.webp 305w, https:\/\/evebot-shop.com\/wp-content\/uploads\/2022\/05\/Coffee-printer1-458x1536.webp 458w, https:\/\/evebot-shop.com\/wp-content\/uploads\/2022\/05\/Coffee-printer1-610x2048.webp 610w, https:\/\/evebot-shop.com\/wp-content\/uploads\/2022\/05\/Coffee-printer1-4x12.webp 4w, https:\/\/evebot-shop.com\/wp-content\/uploads\/2022\/05\/Coffee-printer1-600x2014.webp 600w\" sizes=\"(max-width: 750px) 100vw, 750px\" \/><figcaption id=\"caption-attachment-2282\" class=\"wp-caption-text\">Kaffeedrucker<\/figcaption><\/figure>\n<p><img decoding=\"async\" class=\"wp-image-2284\" src=\"http:\/\/evebot-shop.com\/wp-content\/uploads\/2022\/05\/Coffee-printer2-scaled.webp\" alt=\"\" width=\"750\" height=\"3048\" srcset=\"https:\/\/evebot-shop.com\/wp-content\/uploads\/2022\/05\/Coffee-printer2-scaled.webp 630w, https:\/\/evebot-shop.com\/wp-content\/uploads\/2022\/05\/Coffee-printer2-74x300.webp 74w, https:\/\/evebot-shop.com\/wp-content\/uploads\/2022\/05\/Coffee-printer2-252x1024.webp 252w, https:\/\/evebot-shop.com\/wp-content\/uploads\/2022\/05\/Coffee-printer2-378x1536.webp 378w, https:\/\/evebot-shop.com\/wp-content\/uploads\/2022\/05\/Coffee-printer2-504x2048.webp 504w, https:\/\/evebot-shop.com\/wp-content\/uploads\/2022\/05\/Coffee-printer2-3x12.webp 3w, https:\/\/evebot-shop.com\/wp-content\/uploads\/2022\/05\/Coffee-printer2-600x2439.webp 600w\" sizes=\"(max-width: 750px) 100vw, 750px\" \/><\/p>\n<p><img decoding=\"async\" class=\"alignnone wp-image-2292\" src=\"http:\/\/evebot-shop.com\/wp-content\/uploads\/2022\/05\/Coffee-printer3-scaled.webp\" alt=\"\" width=\"750\" height=\"2779\" srcset=\"https:\/\/evebot-shop.com\/wp-content\/uploads\/2022\/05\/Coffee-printer3-scaled.webp 691w, https:\/\/evebot-shop.com\/wp-content\/uploads\/2022\/05\/Coffee-printer3-81x300.webp 81w, https:\/\/evebot-shop.com\/wp-content\/uploads\/2022\/05\/Coffee-printer3-276x1024.webp 276w, https:\/\/evebot-shop.com\/wp-content\/uploads\/2022\/05\/Coffee-printer3-553x2048.webp 553w, https:\/\/evebot-shop.com\/wp-content\/uploads\/2022\/05\/Coffee-printer3-3x12.webp 3w, https:\/\/evebot-shop.com\/wp-content\/uploads\/2022\/05\/Coffee-printer3-600x2222.webp 600w\" sizes=\"(max-width: 750px) 100vw, 750px\" \/><\/p>\n<\/div>\n<\/div>\n<\/div>\n<\/div>","protected":false},"excerpt":{"rendered":"<p>Selfie-Kaffeedrucker, Selfie-Latte-Maschine, China-Lieferant, Kuchen, Kekse, Brot, Makronen, Bier, Schaum, Getr\u00e4nke, Kunst-Tintenstrahldrucker. Nehmen Sie das Foto mit der Kamera auf, an die Sie EB-FT4 \u00fcber ein USB-Kabel an der R\u00fcckseite des Ger\u00e4ts anschlie\u00dfen k\u00f6nnen, oder scannen Sie den QR-Code oder laden Sie Ihre Bilder per URL hoch W\u00e4hlen Sie auf dem Bildschirm das Licht und die Gr\u00f6\u00dfe aus und w\u00e4hlen Sie dann \u201eDrucken\u201c. Nach etwa 10 bis 30 Sekunden wird Ihr Bild auf die Oberfl\u00e4che Ihres Essens oder Getr\u00e4nks gedruckt, sogar f\u00fcr Ihren Liebhaber!<\/p>\n<p>Der EVEBOT Selfie-Kaffeedrucker verf\u00fcgt \u00fcber 12 Sprachen: vereinfachtes Chinesisch, traditionelles Chinesisch, Englisch, Japanisch, Italienisch, Vietnamesisch, Deutsch, Thail\u00e4ndisch, Tschechisch, Russisch, Franz\u00f6sisch und Koreanisch.<\/p>\n<p>Der Kaffeedrucker EB-FT4 ist ein Klassiker, die Aufl\u00f6sung betr\u00e4gt 200 DPI, Druckfarbe: Kaffee\/Gold\/Matcha. Mit der Tintenpatrone EB-FB1 k\u00f6nnen 800 Tassen mehr bedruckt werden.<\/p>","protected":false},"featured_media":2481,"comment_status":"closed","ping_status":"closed","template":"","meta":{"site-sidebar-layout":"default","site-content-layout":"default","ast-global-header-display":"","ast-banner-title-visibility":"","ast-main-header-display":"","ast-hfb-above-header-display":"","ast-hfb-below-header-display":"","ast-hfb-mobile-header-display":"","site-post-title":"","ast-breadcrumbs-content":"","ast-featured-img":"","footer-sml-layout":"","theme-transparent-header-meta":"default","adv-header-id-meta":"","stick-header-meta":"","header-above-stick-meta":"","header-main-stick-meta":"","header-below-stick-meta":""},"product_cat":[15],"product_tag":[19],"class_list":{"0":"post-2280","1":"product","2":"type-product","3":"status-publish","4":"has-post-thumbnail","6":"product_cat-coffee-printer","7":"product_tag-coffee-printer-eb-ft4","8":"desktop-align-center","9":"tablet-align-left","10":"mobile-align-left","11":"ast-product-gallery-layout-horizontal","12":"ast-product-single-variable","13":"ast-product-tabs-layout-horizontal","14":"ast-qv-on-image","16":"first","17":"instock","18":"sale","19":"shipping-taxable","20":"purchasable","21":"product-type-variable"},"_links":{"self":[{"href":"https:\/\/evebot-shop.com\/de\/wp-json\/wp\/v2\/product\/2280","targetHints":{"allow":["GET"]}}],"collection":[{"href":"https:\/\/evebot-shop.com\/de\/wp-json\/wp\/v2\/product"}],"about":[{"href":"https:\/\/evebot-shop.com\/de\/wp-json\/wp\/v2\/types\/product"}],"replies":[{"embeddable":true,"href":"https:\/\/evebot-shop.com\/de\/wp-json\/wp\/v2\/comments?post=2280"}],"version-history":[{"count":5,"href":"https:\/\/evebot-shop.com\/de\/wp-json\/wp\/v2\/product\/2280\/revisions"}],"predecessor-version":[{"id":2794,"href":"https:\/\/evebot-shop.com\/de\/wp-json\/wp\/v2\/product\/2280\/revisions\/2794"}],"wp:featuredmedia":[{"embeddable":true,"href":"https:\/\/evebot-shop.com\/de\/wp-json\/wp\/v2\/media\/2481"}],"wp:attachment":[{"href":"https:\/\/evebot-shop.com\/de\/wp-json\/wp\/v2\/media?parent=2280"}],"wp:term":[{"taxonomy":"product_cat","embeddable":true,"href":"https:\/\/evebot-shop.com\/de\/wp-json\/wp\/v2\/product_cat?post=2280"},{"taxonomy":"product_tag","embeddable":true,"href":"https:\/\/evebot-shop.com\/de\/wp-json\/wp\/v2\/product_tag?post=2280"}],"curies":[{"name":"wp","href":"https:\/\/api.w.org\/{rel}","templated":true}]}}