{"id":2249,"date":"2022-05-18T02:35:08","date_gmt":"2022-05-18T02:35:08","guid":{"rendered":"http:\/\/evebot-shop.com\/?post_type=product&#038;p=2249"},"modified":"2023-06-25T09:09:31","modified_gmt":"2023-06-25T09:09:31","slug":"cartridge","status":"publish","type":"product","link":"https:\/\/evebot-shop.com\/de\/product\/cartridge\/","title":{"rendered":"Tintenpatrone von Printpen und Printpods"},"content":{"rendered":"<div class=\"ast-oembed-container\" style=\"height: 100%;\"><iframe title=\"the amazing invisible ink\" width=\"500\" height=\"281\" src=\"https:\/\/www.youtube.com\/embed\/56XOkpjlxx0?feature=oembed\" frameborder=\"0\" allow=\"accelerometer; autoplay; clipboard-write; encrypted-media; gyroscope; picture-in-picture; web-share\" referrerpolicy=\"strict-origin-when-cross-origin\" allowfullscreen><\/iframe><\/div>\n<h3 style=\"text-align: left;\"><strong>Precautions for using skin-friendly ink<\/strong><\/h3>\n<p style=\"text-align: left;\">Preservative-free, water-soluble, non-irritating ink that can be used on the skin.<br \/>\nIt can be used in place of tattoo stickers, such as team logos for watching sports, as well as at events and parties.<br \/>\nThere is no doubt that it will create a sense of unity and excitement.<br \/>\nWhen printing on the skin (skin), pay close attention to whether there are any abnormalities on the skin (skin). Should this disagree with your skin, discontinue use immediately.<br \/>\nIf the skin-friendly ink does not suit your skin (skin), that is, in the following cases, discontinue use.<br \/>\nIf you continue to use it as it is, the symptoms may worsen, so it is recommended to consult with a dermatologist.<br \/>\n\u30fb If you experience any abnormalities such as redness, swelling, itchiness, irritation, color loss (white spots etc.) and skin darkening during use.<br \/>\n\u30fb When the skin (skin) used is exposed to direct sunlight and the above-mentioned abnormalities appear.<\/p>\n<h3 style=\"text-align: left;\"><strong>Umweltfreundliche und essbare Tinte<\/strong><\/h3>\n<p style=\"text-align: left;\">Die in Druckern \u00fcblicherweise verwendete Tinte ist HP-Tinte.<br \/>\nEs war f\u00fcr uns einfach, damit zu entwickeln, aber wir haben uns f\u00fcr \u201e\u00d6ko\u201c entschieden, weil wir an Umweltthemen wie der \u201eglobalen Erw\u00e4rmung\u201c interessiert waren.<br \/>\nThe updated skin-friendly ink is an eco-friendly ink approved by the FDA (Food and Drug Administration) in the United States and Europe.<br \/>\nEs handelt sich um ein essbares Produkt auf Basis essbarer Tinte, das von Kindern ber\u00fchrt werden kann.<br \/>\nremind: Except for standard inks and invisible inks.<\/p>\n<h3 style=\"text-align: left;\"><strong>FAQ<\/strong><\/h3>\n<p style=\"text-align: left;\">Q1. How long can one ink cartridge print?<\/p>\n<p>Eine Tintenpatrone enth\u00e4lt 20 ml Tinte, und beim Standarddruck betr\u00e4gt die druckbare L\u00e4nge etwa 200 Meter und die H\u00e4ufigkeit betr\u00e4gt etwa 3500 Mal. (Standarddruck: Ein Bild mit einer Gr\u00f6\u00dfe von 26 * 100 mm wird gedruckt und der gedruckte Teil belegt 40%)<\/p>\n<p>Q2. What is the maximum printable width?<\/p>\n<p>Die maximale Breite, die der EVEBOT-Druckstift drucken kann, betr\u00e4gt 26 mm. Dies ist die maximale Breite, die bisher von einem tragbaren Drucker gedruckt werden kann.<\/p>\n<p>Q3. Ink cartridge storage period<\/p>\n<p>Unge\u00f6ffnete Tintenpatronen sind ein Jahr haltbar, ge\u00f6ffnete ein halbes Jahr. Wenn Sie die Verpackung nach dem \u00d6ffnen verwenden, achten Sie darauf, die Schutzh\u00fclle zu schlie\u00dfen, um zu verhindern, dass die Tinte in der D\u00fcse austrocknet und verstopft.<\/p>\n<p>Q4. How long does the text or logo printed on the object last?<\/p>\n<p>Die mitgelieferte Standardtinte l\u00f6st sich beim Waschen mit Wasser. Wenn es nicht gewaschen wird, ist der Druck auf Materialien wie Papier und Holz semipermanent und der Druck auf der Haut h\u00e4lt etwa einen Tag. (Wenn Sie viel Schwei\u00df bekommen, kann dieser schnell verschwinden.)<\/p>\n<p>* If you are looking for durable ink, please buy durable ink.<\/p>\n<p>Q5. Please tell me the supported OS.<\/p>\n<p>Compatible with both IOS and Android systems.<\/p>\n<p>F6. Ist es einfach, die Tintenpatrone auszutauschen?<\/p>\n<p>Die Tintenpatronen lassen sich leicht austauschen und zur Aufbewahrung der Tintenpatronen verf\u00fcgt jede Tintenpatrone \u00fcber eine Schutzh\u00fclle. Wenn Sie also eine neue Tintenpatrone verwenden, schlie\u00dfen Sie einfach die Schutzh\u00fclle der vorherigen Tintenpatrone.<\/p>\n<p>Q7. How much does the battery drain after one year of use?<\/p>\n<p>The battery will be consumed by about 7% to 10% under normal use for one year.<\/p>\n<p>Q8. When you start it, do you want to turn it off automatically if you don&#8217;t use it?<\/p>\n<p>Wenn 30 Minuten lang keine Bedienung erfolgt, wird der Strom automatisch ausgeschaltet.<\/p>\n<p>Q9. Where can I buy it after the ink has been used?<\/p>\n<p>After crowdfunding is over, we will sell it on our official website and major online shopping site.<\/p>\n<p>Q10. Isn&#8217;t there a full color?<\/p>\n<p>Vollfarbe befindet sich derzeit in der Entwicklung.<\/p>\n<p style=\"text-align: left;\">Q11.\u00a0How do I care for and clean the ink cartridges?<\/p>\n<p style=\"text-align: left;\">Um das Drucken wei\u00dfer Linien zu verhindern, wird empfohlen, die D\u00fcsen der Tintenpatronen vor jedem Gebrauch mit einem Papiertuch abzuwischen und zu reinigen (da die D\u00fcsen unserer Tintenpatronen \u00fcber 308 Rohre verf\u00fcgen, ist jede \u00d6ffnung nur etwa ein Drittel gro\u00df). (Gr\u00f6\u00dfe eines Haares, und die D\u00fcsen sind direkt nach au\u00dfen gerichtet, sodass Staub sehr leicht die D\u00fcse verstopfen kann und regelm\u00e4\u00dfig gereinigt werden muss.)<\/p>\n<p style=\"text-align: left;\">Wenn Sie es l\u00e4ngere Zeit (mehr als 3 Tage) nicht verwenden, m\u00fcssen Sie die Tintenpatronenschnalle anschnallen und sie an einem k\u00fchlen Ort aufbewahren. Schlie\u00dfen Sie nach jedem Gebrauch die Abdeckung der Maschine.<\/p>","protected":false},"excerpt":{"rendered":"<div class=\"detial-cont-info\">\n<ul class=\"proddetail-style-slider-info-list fix\">\n<li>EVEBOT has\u00a0eight\u00a0inks:\u00a0skin friendly ink\u00a0(red, navy blue, black and yellow, be suited to print tattoos), normal black, invisible blue ink(can be seen by fluorescent light), food grade coffee color(can be printed on bread, cake, cookie, coffee and bear by ruler),\u00a0these inks are water basic, can be cleared by water; Permanent ink: black\u00a0color, permanent ink can be printed on glass, wood, stone, metal, plastic, cannot be cleared by water, only cleared by alcohol.<\/li>\n<li class=\"prod-specifics-brand\"><label>Brand:<\/label>\u00a0<em>EVEBOT<\/em><\/li>\n<\/ul>\n<\/div>","protected":false},"featured_media":2804,"comment_status":"closed","ping_status":"closed","template":"","meta":{"site-sidebar-layout":"default","site-content-layout":"default","ast-global-header-display":"","ast-banner-title-visibility":"","ast-main-header-display":"","ast-hfb-above-header-display":"","ast-hfb-below-header-display":"","ast-hfb-mobile-header-display":"","site-post-title":"","ast-breadcrumbs-content":"","ast-featured-img":"","footer-sml-layout":"","theme-transparent-header-meta":"default","adv-header-id-meta":"","stick-header-meta":"","header-above-stick-meta":"","header-main-stick-meta":"","header-below-stick-meta":""},"product_cat":[10],"product_tag":[25],"class_list":{"0":"post-2249","1":"product","2":"type-product","3":"status-publish","4":"has-post-thumbnail","6":"product_cat-cartridge","7":"product_tag-ink-cartridge-of-printpen-printpods","8":"desktop-align-center","9":"tablet-align-left","10":"mobile-align-left","11":"ast-product-gallery-layout-horizontal","12":"ast-product-single-variable","13":"ast-product-tabs-layout-horizontal","14":"ast-qv-on-image","16":"first","17":"instock","18":"sale","19":"shipping-taxable","20":"purchasable","21":"product-type-variable"},"_links":{"self":[{"href":"https:\/\/evebot-shop.com\/de\/wp-json\/wp\/v2\/product\/2249","targetHints":{"allow":["GET"]}}],"collection":[{"href":"https:\/\/evebot-shop.com\/de\/wp-json\/wp\/v2\/product"}],"about":[{"href":"https:\/\/evebot-shop.com\/de\/wp-json\/wp\/v2\/types\/product"}],"replies":[{"embeddable":true,"href":"https:\/\/evebot-shop.com\/de\/wp-json\/wp\/v2\/comments?post=2249"}],"version-history":[{"count":6,"href":"https:\/\/evebot-shop.com\/de\/wp-json\/wp\/v2\/product\/2249\/revisions"}],"predecessor-version":[{"id":2806,"href":"https:\/\/evebot-shop.com\/de\/wp-json\/wp\/v2\/product\/2249\/revisions\/2806"}],"wp:featuredmedia":[{"embeddable":true,"href":"https:\/\/evebot-shop.com\/de\/wp-json\/wp\/v2\/media\/2804"}],"wp:attachment":[{"href":"https:\/\/evebot-shop.com\/de\/wp-json\/wp\/v2\/media?parent=2249"}],"wp:term":[{"taxonomy":"product_cat","embeddable":true,"href":"https:\/\/evebot-shop.com\/de\/wp-json\/wp\/v2\/product_cat?post=2249"},{"taxonomy":"product_tag","embeddable":true,"href":"https:\/\/evebot-shop.com\/de\/wp-json\/wp\/v2\/product_tag?post=2249"}],"curies":[{"name":"wp","href":"https:\/\/api.w.org\/{rel}","templated":true}]}}